{"id":7738,"date":"2023-02-02T22:25:20","date_gmt":"2023-02-02T22:25:20","guid":{"rendered":"https:\/\/www.inf-systems.com\/nous-joindre\/"},"modified":"2025-02-01T13:38:11","modified_gmt":"2025-02-01T13:38:11","slug":"nous-joindre","status":"publish","type":"page","link":"https:\/\/www.inf-systems.com\/fr\/nous-joindre\/","title":{"rendered":"Nous Joindre"},"content":{"rendered":"\t\t<div data-elementor-type=\"wp-page\" data-elementor-id=\"7738\" class=\"elementor elementor-7738 elementor-4651\">\n\t\t\t\t\t\t<section class=\"elementor-section elementor-top-section elementor-element elementor-element-bea6f15 elementor-section-stretched elementor-section-height-min-height elementor-section-boxed elementor-section-height-default elementor-section-items-middle\" data-id=\"bea6f15\" data-element_type=\"section\" data-e-type=\"section\" data-settings=\"{&quot;stretch_section&quot;:&quot;section-stretched&quot;,&quot;background_background&quot;:&quot;classic&quot;}\">\n\t\t\t\t\t\t\t<div class=\"elementor-background-overlay\"><\/div>\n\t\t\t\t\t\t\t<div class=\"elementor-container elementor-column-gap-default\">\n\t\t\t\t\t<div class=\"elementor-column elementor-col-100 elementor-top-column elementor-element elementor-element-620873b\" data-id=\"620873b\" data-element_type=\"column\" data-e-type=\"column\">\n\t\t\t<div class=\"elementor-widget-wrap elementor-element-populated\">\n\t\t\t\t\t\t<div class=\"elementor-element elementor-element-f37628a elementor-widget elementor-widget-cz_title\" data-id=\"f37628a\" data-element_type=\"widget\" data-e-type=\"widget\" data-widget_type=\"cz_title.default\">\n\t\t\t\t<div class=\"elementor-widget-container\">\n\t\t\t\t\t\t\r\n\t\t<div>\r\n\t\t\t<div class=\"cz_title clr cz_mobile_text_center cz_title_pos_inline\"><div class=\"cz_title_content\"><div class=\"cz_wpe_content\"><h1>NOUS JOINDRE<\/h1>\n<\/div><\/div><\/div>\r\n\t\t<\/div>\r\n\t\t\r\n\t\t\t\t\t\t<\/div>\n\t\t\t\t<\/div>\n\t\t\t\t\t<\/div>\n\t\t<\/div>\n\t\t\t\t\t<\/div>\n\t\t<\/section>\n\t\t\t\t<section class=\"elementor-section elementor-top-section elementor-element elementor-element-0de4697 elementor-section-stretched elementor-section-boxed elementor-section-height-default elementor-section-height-default\" data-id=\"0de4697\" data-element_type=\"section\" data-e-type=\"section\" data-settings=\"{&quot;stretch_section&quot;:&quot;section-stretched&quot;}\">\n\t\t\t\t\t\t<div class=\"elementor-container elementor-column-gap-default\">\n\t\t\t\t\t<div class=\"elementor-column elementor-col-100 elementor-top-column elementor-element elementor-element-5cbca2e\" data-id=\"5cbca2e\" data-element_type=\"column\" data-e-type=\"column\">\n\t\t\t<div class=\"elementor-widget-wrap elementor-element-populated\">\n\t\t\t\t\t\t<div class=\"elementor-element elementor-element-574dc18 elementor-widget elementor-widget-cz_title\" data-id=\"574dc18\" data-element_type=\"widget\" data-e-type=\"widget\" data-widget_type=\"cz_title.default\">\n\t\t\t\t<div class=\"elementor-widget-container\">\n\t\t\t\t\t\t\r\n\t\t<div>\r\n\t\t\t<div class=\"cz_title clr cz_mobile_text_center cz_title_pos_inline\"><div class=\"cz_title_content\"><div class=\"cz_wpe_content\"><h2>Nous sommes l\u00e0 pour vous. <\/h2>\n<\/div><\/div><\/div>\r\n\t\t<\/div>\r\n\t\t\r\n\t\t\t\t\t\t<\/div>\n\t\t\t\t<\/div>\n\t\t\t\t<div class=\"elementor-element elementor-element-4ab4d05 elementor-widget elementor-widget-cz_title\" data-id=\"4ab4d05\" data-element_type=\"widget\" data-e-type=\"widget\" data-widget_type=\"cz_title.default\">\n\t\t\t\t<div class=\"elementor-widget-container\">\n\t\t\t\t\t\t\r\n\t\t<div>\r\n\t\t\t<div class=\"cz_title clr cz_mobile_text_center cz_title_pos_inline\"><div class=\"cz_title_content\"><div class=\"cz_wpe_content\"><p>Que vous ayez une question sur les fonctionnalit\u00e9s, les prix, que vous ayez besoin d'une d\u00e9mo ou toute autre chose, notre \u00e9quipe est pr\u00eate \u00e0 r\u00e9pondre \u00e0 toutes vos questions.<\/p>\n<\/div><\/div><\/div>\r\n\t\t<\/div>\r\n\t\t\r\n\t\t\t\t\t\t<\/div>\n\t\t\t\t<\/div>\n\t\t\t\t\t<\/div>\n\t\t<\/div>\n\t\t\t\t\t<\/div>\n\t\t<\/section>\n\t\t\t\t<section class=\"elementor-section elementor-top-section elementor-element elementor-element-7786be0 elementor-section-stretched elementor-section-boxed elementor-section-height-default elementor-section-height-default\" data-id=\"7786be0\" data-element_type=\"section\" data-e-type=\"section\" data-settings=\"{&quot;stretch_section&quot;:&quot;section-stretched&quot;,&quot;background_background&quot;:&quot;classic&quot;}\">\n\t\t\t\t\t\t<div class=\"elementor-container elementor-column-gap-wider\">\n\t\t\t\t\t<div class=\"elementor-column elementor-col-33 elementor-top-column elementor-element elementor-element-7382687\" data-id=\"7382687\" data-element_type=\"column\" data-e-type=\"column\">\n\t\t\t<div class=\"elementor-widget-wrap elementor-element-populated\">\n\t\t\t\t\t\t<div class=\"elementor-element elementor-element-2ce058f elementor-widget elementor-widget-cz_service_box\" data-id=\"2ce058f\" data-element_type=\"widget\" data-e-type=\"widget\" data-widget_type=\"cz_service_box.default\">\n\t\t\t\t<div class=\"elementor-widget-container\">\n\t\t\t\t\t<div class=\"services clr style11 services_b\"><div class=\"service_img\"><img decoding=\"async\" src=\"https:\/\/www.inf-systems.com\/wp-content\/uploads\/2023\/02\/contact_us_sales.png\" title=\"\" alt=\"\" loading=\"lazy\" \/><\/div><div class=\"service_text\"><h3>VENTES<\/h3><div class=\"cz_wpe_content\"><p>416.861.0911<\/p>\n<p><span style=\"font-weight: 500;\">Sans frais<\/span><br \/>1.866.800.6002<\/p>\n<\/div><\/div><\/div>\t\t\t\t<\/div>\n\t\t\t\t<\/div>\n\t\t\t\t\t<\/div>\n\t\t<\/div>\n\t\t\t\t<div class=\"elementor-column elementor-col-33 elementor-top-column elementor-element elementor-element-76667dd\" data-id=\"76667dd\" data-element_type=\"column\" data-e-type=\"column\">\n\t\t\t<div class=\"elementor-widget-wrap elementor-element-populated\">\n\t\t\t\t\t\t<div class=\"elementor-element elementor-element-7b22300 elementor-widget elementor-widget-cz_service_box\" data-id=\"7b22300\" data-element_type=\"widget\" data-e-type=\"widget\" data-widget_type=\"cz_service_box.default\">\n\t\t\t\t<div class=\"elementor-widget-container\">\n\t\t\t\t\t<div class=\"services clr style11 services_b\"><div class=\"service_img\"><img decoding=\"async\" src=\"https:\/\/www.inf-systems.com\/wp-content\/uploads\/2023\/02\/contact_us_support.png\" title=\"\" alt=\"\" loading=\"lazy\" \/><\/div><div class=\"service_text\"><h3>SOUTIEN<\/h3><div class=\"cz_wpe_content\"><p>289.778.7678<\/p>\n<\/div><\/div><\/div>\t\t\t\t<\/div>\n\t\t\t\t<\/div>\n\t\t\t\t\t<\/div>\n\t\t<\/div>\n\t\t\t\t<div class=\"elementor-column elementor-col-33 elementor-top-column elementor-element elementor-element-847463c\" data-id=\"847463c\" data-element_type=\"column\" data-e-type=\"column\">\n\t\t\t<div class=\"elementor-widget-wrap elementor-element-populated\">\n\t\t\t\t\t\t<div class=\"elementor-element elementor-element-7ab368a elementor-widget elementor-widget-cz_service_box\" data-id=\"7ab368a\" data-element_type=\"widget\" data-e-type=\"widget\" data-widget_type=\"cz_service_box.default\">\n\t\t\t\t<div class=\"elementor-widget-container\">\n\t\t\t\t\t<div class=\"services clr style11 services_b\"><div class=\"service_img\"><img decoding=\"async\" src=\"https:\/\/www.inf-systems.com\/wp-content\/uploads\/2023\/02\/contact_us_general_inquiries.png\" title=\"\" alt=\"\" loading=\"lazy\" \/><\/div><div class=\"service_text\"><h3>DEMANDES G\u00c9N\u00c9RALES<\/h3><div class=\"cz_wpe_content\"><p>416.861.0911<\/p>\n<p><span style=\"font-weight: 500;\">Sans frais<\/span><br \/>1.866.800.6002<\/p>\n<\/div><\/div><\/div>\t\t\t\t<\/div>\n\t\t\t\t<\/div>\n\t\t\t\t\t<\/div>\n\t\t<\/div>\n\t\t\t\t\t<\/div>\n\t\t<\/section>\n\t\t\t\t<section class=\"elementor-section elementor-top-section elementor-element elementor-element-e204160 elementor-section-stretched elementor-section-boxed elementor-section-height-default elementor-section-height-default\" data-id=\"e204160\" data-element_type=\"section\" data-e-type=\"section\" data-settings=\"{&quot;stretch_section&quot;:&quot;section-stretched&quot;,&quot;background_background&quot;:&quot;classic&quot;}\">\n\t\t\t\t\t\t<div class=\"elementor-container elementor-column-gap-wider\">\n\t\t\t\t\t<div class=\"elementor-column elementor-col-33 elementor-top-column elementor-element elementor-element-cbc2bbf\" data-id=\"cbc2bbf\" data-element_type=\"column\" data-e-type=\"column\">\n\t\t\t<div class=\"elementor-widget-wrap elementor-element-populated\">\n\t\t\t\t\t\t<div class=\"elementor-element elementor-element-3cbf302 elementor-widget elementor-widget-cz_service_box\" data-id=\"3cbf302\" data-element_type=\"widget\" data-e-type=\"widget\" data-widget_type=\"cz_service_box.default\">\n\t\t\t\t<div class=\"elementor-widget-container\">\n\t\t\t\t\t<div class=\"services clr style11 services_b\"><div class=\"service_img\"><img decoding=\"async\" src=\"https:\/\/www.inf-systems.com\/wp-content\/uploads\/2023\/02\/contact_us_email.png\" title=\"\" alt=\"\" loading=\"lazy\" \/><\/div><div class=\"service_text\"><h3>COURRIEL<\/h3><div class=\"cz_wpe_content\"><p>info@inf-systems.com<\/p><p><span style=\"font-weight: 600;\">Vous avez une pr\u00e9occupation ?<\/span><br \/>\u00c9crivez-nous<span style=\"text-decoration: underline;\"><span style=\"font-weight: 500;\"><a href=\"https:\/\/www.inf-systems.com\/fr\/formulaire-de-preoccupation\/\"> ici<\/a><\/span><\/span><\/p><\/div><\/div><\/div>\t\t\t\t<\/div>\n\t\t\t\t<\/div>\n\t\t\t\t\t<\/div>\n\t\t<\/div>\n\t\t\t\t<div class=\"elementor-column elementor-col-33 elementor-top-column elementor-element elementor-element-7abf891\" data-id=\"7abf891\" data-element_type=\"column\" data-e-type=\"column\">\n\t\t\t<div class=\"elementor-widget-wrap elementor-element-populated\">\n\t\t\t\t\t\t<div class=\"elementor-element elementor-element-0d38109 elementor-widget elementor-widget-cz_service_box\" data-id=\"0d38109\" data-element_type=\"widget\" data-e-type=\"widget\" data-widget_type=\"cz_service_box.default\">\n\t\t\t\t<div class=\"elementor-widget-container\">\n\t\t\t\t\t<div class=\"services clr style11 services_b\"><div class=\"service_img\"><img decoding=\"async\" src=\"https:\/\/www.inf-systems.com\/wp-content\/uploads\/2023\/02\/contact_us_address.png\" title=\"\" alt=\"\" loading=\"lazy\" \/><\/div><div class=\"service_text\"><h3>ADRESSE<\/h3><div class=\"cz_wpe_content\"><p>First Canadian Place<br \/>100 King Street W. Suite 5310<br \/>Toronto, ON, Canada<br \/>M5X 1E1 | P.O. Box 330<\/p>\n<\/div><\/div><\/div>\t\t\t\t<\/div>\n\t\t\t\t<\/div>\n\t\t\t\t\t<\/div>\n\t\t<\/div>\n\t\t\t\t<div class=\"elementor-column elementor-col-33 elementor-top-column elementor-element elementor-element-1315c0c\" data-id=\"1315c0c\" data-element_type=\"column\" data-e-type=\"column\">\n\t\t\t<div class=\"elementor-widget-wrap elementor-element-populated\">\n\t\t\t\t\t\t<div class=\"elementor-element elementor-element-0535dc3 elementor-widget elementor-widget-cz_service_box\" data-id=\"0535dc3\" data-element_type=\"widget\" data-e-type=\"widget\" data-widget_type=\"cz_service_box.default\">\n\t\t\t\t<div class=\"elementor-widget-container\">\n\t\t\t\t\t<div class=\"services clr style11 services_b\"><div class=\"service_img\"><img decoding=\"async\" src=\"https:\/\/www.inf-systems.com\/wp-content\/uploads\/2023\/02\/contact_us_hours.png\" title=\"\" alt=\"\" loading=\"lazy\" \/><\/div><div class=\"service_text\"><h3>HEURES DE SERVICE<\/h3><div class=\"cz_wpe_content\"><p>Lundi-vendredi<br \/>9h . - 17h (HNE)<\/p>\n<\/div><\/div><\/div>\t\t\t\t<\/div>\n\t\t\t\t<\/div>\n\t\t\t\t\t<\/div>\n\t\t<\/div>\n\t\t\t\t\t<\/div>\n\t\t<\/section>\n\t\t\t\t<section class=\"elementor-section elementor-top-section elementor-element elementor-element-a197e44 elementor-section-full_width elementor-section-stretched elementor-section-height-default elementor-section-height-default\" data-id=\"a197e44\" data-element_type=\"section\" data-e-type=\"section\" data-settings=\"{&quot;stretch_section&quot;:&quot;section-stretched&quot;}\">\n\t\t\t\t\t\t<div class=\"elementor-container elementor-column-gap-default\">\n\t\t\t\t\t<div class=\"elementor-column elementor-col-100 elementor-top-column elementor-element elementor-element-93b1e8e\" data-id=\"93b1e8e\" data-element_type=\"column\" data-e-type=\"column\">\n\t\t\t<div class=\"elementor-widget-wrap elementor-element-populated\">\n\t\t\t\t\t\t<div class=\"elementor-element elementor-element-7737ebc elementor-widget elementor-widget-cz_image\" data-id=\"7737ebc\" data-element_type=\"widget\" data-e-type=\"widget\" data-widget_type=\"cz_image.default\">\n\t\t\t\t<div class=\"elementor-widget-container\">\n\t\t\t\t\t\r\n\t\t<div class=\"cz_image clr cz_image_no_fx center_on_mobile\" data-position=\"\">\r\n\r\n\t\t\t<div>\r\n\r\n\t\t\t\t<div class=\"cz_image_in\">\r\n\r\n\t\t\t\t\t<div class=\"cz_main_image\"><img fetchpriority=\"high\" decoding=\"async\" loading=\"eager\" data-no-lazy=\"1\" width=\"1920\" height=\"900\" src=\"https:\/\/www.inf-systems.com\/wp-content\/uploads\/2024\/09\/contact-us-map-image.png\" class=\"attachment-full size-full wp-image-6382\" alt=\"Map image with office location pin\" srcset=\"https:\/\/www.inf-systems.com\/wp-content\/uploads\/2024\/09\/contact-us-map-image.png 1920w, https:\/\/www.inf-systems.com\/wp-content\/uploads\/2024\/09\/contact-us-map-image-300x141.png 300w, https:\/\/www.inf-systems.com\/wp-content\/uploads\/2024\/09\/contact-us-map-image-1024x480.png 1024w, https:\/\/www.inf-systems.com\/wp-content\/uploads\/2024\/09\/contact-us-map-image-768x360.png 768w, https:\/\/www.inf-systems.com\/wp-content\/uploads\/2024\/09\/contact-us-map-image-1536x720.png 1536w, https:\/\/www.inf-systems.com\/wp-content\/uploads\/2024\/09\/contact-us-map-image-600x281.png 600w\" sizes=\"(max-width: 1920px) 100vw, 1920px\" \/><\/div>\r\n\r\n\t\t\t\t\t\r\n\t\t\t\t<\/div>\r\n\r\n\t\t\t\t\r\n\t\t\t<\/div>\r\n\r\n\t\t<\/div>\r\n\r\n\t\t\t\t\t<\/div>\n\t\t\t\t<\/div>\n\t\t\t\t\t<\/div>\n\t\t<\/div>\n\t\t\t\t\t<\/div>\n\t\t<\/section>\n\t\t\t\t<\/div>\n\t\t","protected":false},"excerpt":{"rendered":"<p>NOUS JOINDRE Nous sommes l\u00e0 pour vous. Que vous ayez une &#8230; <\/p>\n","protected":false},"author":1,"featured_media":0,"parent":0,"menu_order":0,"comment_status":"closed","ping_status":"closed","template":"","meta":{"footnotes":""},"class_list":["post-7738","page","type-page","status-publish","hentry"],"_links":{"self":[{"href":"https:\/\/www.inf-systems.com\/fr\/wp-json\/wp\/v2\/pages\/7738","targetHints":{"allow":["GET"]}}],"collection":[{"href":"https:\/\/www.inf-systems.com\/fr\/wp-json\/wp\/v2\/pages"}],"about":[{"href":"https:\/\/www.inf-systems.com\/fr\/wp-json\/wp\/v2\/types\/page"}],"author":[{"embeddable":true,"href":"https:\/\/www.inf-systems.com\/fr\/wp-json\/wp\/v2\/users\/1"}],"replies":[{"embeddable":true,"href":"https:\/\/www.inf-systems.com\/fr\/wp-json\/wp\/v2\/comments?post=7738"}],"version-history":[{"count":7,"href":"https:\/\/www.inf-systems.com\/fr\/wp-json\/wp\/v2\/pages\/7738\/revisions"}],"predecessor-version":[{"id":7778,"href":"https:\/\/www.inf-systems.com\/fr\/wp-json\/wp\/v2\/pages\/7738\/revisions\/7778"}],"wp:attachment":[{"href":"https:\/\/www.inf-systems.com\/fr\/wp-json\/wp\/v2\/media?parent=7738"}],"curies":[{"name":"wp","href":"https:\/\/api.w.org\/{rel}","templated":true}]}}