{"id":7727,"date":"2024-10-17T06:24:37","date_gmt":"2024-10-17T06:24:37","guid":{"rendered":"https:\/\/www.inf-systems.com\/accessibility-feedback-sent\/"},"modified":"2025-02-01T13:14:40","modified_gmt":"2025-02-01T13:14:40","slug":"commentaires-sur-laccessibilite-envoyee","status":"publish","type":"page","link":"https:\/\/www.inf-systems.com\/fr\/commentaires-sur-laccessibilite-envoyee\/","title":{"rendered":"Commentaires Sur L\u2019accessibilit\u00e9 Envoy\u00e9e"},"content":{"rendered":"\t\t<div data-elementor-type=\"wp-page\" data-elementor-id=\"7727\" class=\"elementor elementor-7727 elementor-7246\">\n\t\t\t\t\t\t<section class=\"elementor-section elementor-top-section elementor-element elementor-element-8065884 elementor-section-stretched elementor-section-height-min-height elementor-section-boxed elementor-section-height-default elementor-section-items-middle\" data-id=\"8065884\" data-element_type=\"section\" data-e-type=\"section\" data-settings=\"{&quot;stretch_section&quot;:&quot;section-stretched&quot;,&quot;background_background&quot;:&quot;classic&quot;}\">\n\t\t\t\t\t\t\t<div class=\"elementor-background-overlay\"><\/div>\n\t\t\t\t\t\t\t<div class=\"elementor-container elementor-column-gap-default\">\n\t\t\t\t\t<div class=\"elementor-column elementor-col-100 elementor-top-column elementor-element elementor-element-05b59ef\" data-id=\"05b59ef\" data-element_type=\"column\" data-e-type=\"column\">\n\t\t\t<div class=\"elementor-widget-wrap elementor-element-populated\">\n\t\t\t\t\t\t<div class=\"elementor-element elementor-element-ea4bc0f elementor-widget elementor-widget-cz_title\" data-id=\"ea4bc0f\" data-element_type=\"widget\" data-e-type=\"widget\" data-widget_type=\"cz_title.default\">\n\t\t\t\t<div class=\"elementor-widget-container\">\n\t\t\t\t\t\t\r\n\t\t<div>\r\n\t\t\t<div class=\"cz_title clr cz_mobile_text_center cz_title_pos_inline\"><div class=\"cz_title_content\"><div class=\"cz_wpe_content\"><h1>COMMENTAIRES<br \/>SUR L\u2019ACCESSIBILIT\u00c9<\/h1>\n<\/div><\/div><\/div>\r\n\t\t<\/div>\r\n\t\t\r\n\t\t\t\t\t\t<\/div>\n\t\t\t\t<\/div>\n\t\t\t\t\t<\/div>\n\t\t<\/div>\n\t\t\t\t\t<\/div>\n\t\t<\/section>\n\t\t\t\t<section class=\"elementor-section elementor-top-section elementor-element elementor-element-efaee49 elementor-section-stretched elementor-section-boxed elementor-section-height-default elementor-section-height-default\" data-id=\"efaee49\" data-element_type=\"section\" data-e-type=\"section\" data-settings=\"{&quot;stretch_section&quot;:&quot;section-stretched&quot;}\">\n\t\t\t\t\t\t<div class=\"elementor-container elementor-column-gap-default\">\n\t\t\t\t\t<div class=\"elementor-column elementor-col-100 elementor-top-column elementor-element elementor-element-1555079\" data-id=\"1555079\" data-element_type=\"column\" data-e-type=\"column\">\n\t\t\t<div class=\"elementor-widget-wrap elementor-element-populated\">\n\t\t\t\t\t\t<div class=\"elementor-element elementor-element-f285bd5 elementor-widget elementor-widget-cz_title\" data-id=\"f285bd5\" data-element_type=\"widget\" data-e-type=\"widget\" data-widget_type=\"cz_title.default\">\n\t\t\t\t<div class=\"elementor-widget-container\">\n\t\t\t\t\t\t\r\n\t\t<div>\r\n\t\t\t<div class=\"cz_title clr cz_title_pos_inline\"><div class=\"cz_title_content\"><div class=\"cz_wpe_content\"><h2>Vos commentaires nous rendent meilleurs<\/h2>\n<\/div><\/div><\/div>\r\n\t\t<\/div>\r\n\t\t\r\n\t\t\t\t\t\t<\/div>\n\t\t\t\t<\/div>\n\t\t\t\t<div class=\"elementor-element elementor-element-df146a1 elementor-widget elementor-widget-cz_title\" data-id=\"df146a1\" data-element_type=\"widget\" data-e-type=\"widget\" data-widget_type=\"cz_title.default\">\n\t\t\t\t<div class=\"elementor-widget-container\">\n\t\t\t\t\t\t\r\n\t\t<div>\r\n\t\t\t<div class=\"cz_title clr cz_title_pos_inline\"><div class=\"cz_title_content\"><div class=\"cz_wpe_content\"><p>Infinite Investment Systems reconna\u00eet les commentaires de la communaut\u00e9 comme un processus essentiel pour identifier, supprimer et pr\u00e9venir les obstacles dans sa strat\u00e9gie d'accessibilit\u00e9. Les commentaires sont un \u00e9l\u00e9ment essentiel du plan de l\u2019organisation visant \u00e0 am\u00e9liorer la fa\u00e7on dont nous fournissons nos services et \u00e0 encourager la participation communautaire inclusive. En plus d'utiliser le formulaire de commentaires sur l'accessibilit\u00e9 ci-dessous, vous pouvez \u00e9galement soumettre vos commentaires sur l'accessibilit\u00e9 en utilisant l'une des m\u00e9thodes suivantes :<\/p>\n<\/p>\n<p><strong>Infinite Investment Systems - Groupe de travail sur l'accessibilit\u00e9 <\/strong><br \/>First Canadian Place<br \/>100 King Street West. Suite 5310<br \/>Toronto, Ontario, Canada, M5X 1E1<br \/>P.O. Box 330<\/p>\n<p>Courriel: info@inf-systems.com<br \/>T\u00e9l\u00e9phone: 416-861-0911<\/p>\n<p>Remarque : Si vous souhaitez \u00eatre contact\u00e9, veuillez inclure votre nom et vos coordonn\u00e9es.<\/p>\n<p>Infinite Investment Systems est soumis \u00e0 la Loi sur l'acc\u00e8s \u00e0 l'information et la protection de la vie priv\u00e9e (LAIPVP). Vos informations personnelles ne seront pas partag\u00e9es ou utilis\u00e9es \u00e0 d'autres fins que pour communiquer avec vous concernant les commentaires ou les pr\u00e9occupations que vous avez soulev\u00e9s.<\/p>\n<\/div><\/div><\/div>\r\n\t\t<\/div>\r\n\t\t\r\n\t\t\t\t\t\t<\/div>\n\t\t\t\t<\/div>\n\t\t\t\t\t<\/div>\n\t\t<\/div>\n\t\t\t\t\t<\/div>\n\t\t<\/section>\n\t\t\t\t<section class=\"elementor-section elementor-top-section elementor-element elementor-element-bcf1101 elementor-section-stretched elementor-section-height-min-height elementor-section-content-middle elementor-section-boxed elementor-section-height-default elementor-section-items-middle\" data-id=\"bcf1101\" data-element_type=\"section\" data-e-type=\"section\" data-settings=\"{&quot;stretch_section&quot;:&quot;section-stretched&quot;,&quot;background_background&quot;:&quot;classic&quot;}\">\n\t\t\t\t\t\t<div class=\"elementor-container elementor-column-gap-default\">\n\t\t\t\t\t<div class=\"elementor-column elementor-col-100 elementor-top-column elementor-element elementor-element-a1087dc\" data-id=\"a1087dc\" data-element_type=\"column\" data-e-type=\"column\">\n\t\t\t<div class=\"elementor-widget-wrap elementor-element-populated\">\n\t\t\t\t\t\t<div class=\"elementor-element elementor-element-dc7f687 elementor-widget elementor-widget-image\" data-id=\"dc7f687\" data-element_type=\"widget\" data-e-type=\"widget\" data-widget_type=\"image.default\">\n\t\t\t\t<div class=\"elementor-widget-container\">\n\t\t\t\t\t\t\t\t\t\t\t\t\t\t\t<img loading=\"lazy\" decoding=\"async\" width=\"200\" height=\"204\" src=\"https:\/\/www.inf-systems.com\/wp-content\/uploads\/2024\/09\/plane.png\" class=\"attachment-large size-large wp-image-7657\" alt=\"Plane\" loading=\"lazy\" \/>\t\t\t\t\t\t\t\t\t\t\t\t\t\t\t<\/div>\n\t\t\t\t<\/div>\n\t\t\t\t<div class=\"elementor-element elementor-element-2171ae1 elementor-widget elementor-widget-cz_title\" data-id=\"2171ae1\" data-element_type=\"widget\" data-e-type=\"widget\" data-widget_type=\"cz_title.default\">\n\t\t\t\t<div class=\"elementor-widget-container\">\n\t\t\t\t\t\t\r\n\t\t<div>\r\n\t\t\t<div class=\"cz_title clr cz_title_pos_inline tac\"><div class=\"cz_title_content\"><div class=\"cz_wpe_content\"><h3 style=\"text-align: center;\">MERCI !<\/h3>\n<p style=\"text-align: center;\">Votre demande a \u00e9t\u00e9 soumise.<\/p>\n<\/div><\/div><\/div>\r\n\t\t<\/div>\r\n\t\t\r\n\t\t\t\t\t\t<\/div>\n\t\t\t\t<\/div>\n\t\t\t\t\t<\/div>\n\t\t<\/div>\n\t\t\t\t\t<\/div>\n\t\t<\/section>\n\t\t\t\t<\/div>\n\t\t","protected":false},"excerpt":{"rendered":"<p>COMMENTAIRESSUR L\u2019ACCESSIBILIT\u00c9 Vos commentaires nous rendent meilleurs Infinite Investment Systems reconna\u00eet &#8230; <\/p>\n","protected":false},"author":1,"featured_media":0,"parent":0,"menu_order":0,"comment_status":"closed","ping_status":"closed","template":"","meta":{"footnotes":""},"class_list":["post-7727","page","type-page","status-publish","hentry"],"_links":{"self":[{"href":"https:\/\/www.inf-systems.com\/fr\/wp-json\/wp\/v2\/pages\/7727","targetHints":{"allow":["GET"]}}],"collection":[{"href":"https:\/\/www.inf-systems.com\/fr\/wp-json\/wp\/v2\/pages"}],"about":[{"href":"https:\/\/www.inf-systems.com\/fr\/wp-json\/wp\/v2\/types\/page"}],"author":[{"embeddable":true,"href":"https:\/\/www.inf-systems.com\/fr\/wp-json\/wp\/v2\/users\/1"}],"replies":[{"embeddable":true,"href":"https:\/\/www.inf-systems.com\/fr\/wp-json\/wp\/v2\/comments?post=7727"}],"version-history":[{"count":2,"href":"https:\/\/www.inf-systems.com\/fr\/wp-json\/wp\/v2\/pages\/7727\/revisions"}],"predecessor-version":[{"id":7760,"href":"https:\/\/www.inf-systems.com\/fr\/wp-json\/wp\/v2\/pages\/7727\/revisions\/7760"}],"wp:attachment":[{"href":"https:\/\/www.inf-systems.com\/fr\/wp-json\/wp\/v2\/media?parent=7727"}],"curies":[{"name":"wp","href":"https:\/\/api.w.org\/{rel}","templated":true}]}}