{"id":7720,"date":"2024-10-14T16:20:13","date_gmt":"2024-10-14T16:20:13","guid":{"rendered":"https:\/\/www.inf-systems.com\/commentaires-sur-laccessibilite\/"},"modified":"2025-02-01T13:12:41","modified_gmt":"2025-02-01T13:12:41","slug":"commentaires-sur-laccessibilite","status":"publish","type":"page","link":"https:\/\/www.inf-systems.com\/fr\/commentaires-sur-laccessibilite\/","title":{"rendered":"Commentaires Sur L\u2019accessibilit\u00e9"},"content":{"rendered":"\t\t<div data-elementor-type=\"wp-page\" data-elementor-id=\"7720\" class=\"elementor elementor-7720 elementor-7204\">\n\t\t\t\t\t\t<section class=\"elementor-section elementor-top-section elementor-element elementor-element-8065884 elementor-section-stretched elementor-section-height-min-height elementor-section-boxed elementor-section-height-default elementor-section-items-middle\" data-id=\"8065884\" data-element_type=\"section\" data-e-type=\"section\" data-settings=\"{&quot;stretch_section&quot;:&quot;section-stretched&quot;,&quot;background_background&quot;:&quot;classic&quot;}\">\n\t\t\t\t\t\t\t<div class=\"elementor-background-overlay\"><\/div>\n\t\t\t\t\t\t\t<div class=\"elementor-container elementor-column-gap-default\">\n\t\t\t\t\t<div class=\"elementor-column elementor-col-100 elementor-top-column elementor-element elementor-element-05b59ef\" data-id=\"05b59ef\" data-element_type=\"column\" data-e-type=\"column\">\n\t\t\t<div class=\"elementor-widget-wrap elementor-element-populated\">\n\t\t\t\t\t\t<div class=\"elementor-element elementor-element-ea4bc0f elementor-widget elementor-widget-cz_title\" data-id=\"ea4bc0f\" data-element_type=\"widget\" data-e-type=\"widget\" data-widget_type=\"cz_title.default\">\n\t\t\t\t<div class=\"elementor-widget-container\">\n\t\t\t\t\t\t\r\n\t\t<div>\r\n\t\t\t<div class=\"cz_title clr cz_mobile_text_center cz_title_pos_inline\"><div class=\"cz_title_content\"><div class=\"cz_wpe_content\"><h1>COMMENTAIRES<br \/>SUR L\u2019ACCESSIBILIT\u00c9<\/h1>\n<\/div><\/div><\/div>\r\n\t\t<\/div>\r\n\t\t\r\n\t\t\t\t\t\t<\/div>\n\t\t\t\t<\/div>\n\t\t\t\t\t<\/div>\n\t\t<\/div>\n\t\t\t\t\t<\/div>\n\t\t<\/section>\n\t\t\t\t<section class=\"elementor-section elementor-top-section elementor-element elementor-element-efaee49 elementor-section-stretched elementor-section-boxed elementor-section-height-default elementor-section-height-default\" data-id=\"efaee49\" data-element_type=\"section\" data-e-type=\"section\" data-settings=\"{&quot;stretch_section&quot;:&quot;section-stretched&quot;}\">\n\t\t\t\t\t\t<div class=\"elementor-container elementor-column-gap-default\">\n\t\t\t\t\t<div class=\"elementor-column elementor-col-100 elementor-top-column elementor-element elementor-element-1555079\" data-id=\"1555079\" data-element_type=\"column\" data-e-type=\"column\">\n\t\t\t<div class=\"elementor-widget-wrap elementor-element-populated\">\n\t\t\t\t\t\t<div class=\"elementor-element elementor-element-f285bd5 elementor-widget elementor-widget-cz_title\" data-id=\"f285bd5\" data-element_type=\"widget\" data-e-type=\"widget\" data-widget_type=\"cz_title.default\">\n\t\t\t\t<div class=\"elementor-widget-container\">\n\t\t\t\t\t\t\r\n\t\t<div>\r\n\t\t\t<div class=\"cz_title clr cz_title_pos_inline\"><div class=\"cz_title_content\"><div class=\"cz_wpe_content\"><h2>Vos commentaires nous rendent meilleurs<\/h2>\n<\/div><\/div><\/div>\r\n\t\t<\/div>\r\n\t\t\r\n\t\t\t\t\t\t<\/div>\n\t\t\t\t<\/div>\n\t\t\t\t<div class=\"elementor-element elementor-element-df146a1 elementor-widget elementor-widget-cz_title\" data-id=\"df146a1\" data-element_type=\"widget\" data-e-type=\"widget\" data-widget_type=\"cz_title.default\">\n\t\t\t\t<div class=\"elementor-widget-container\">\n\t\t\t\t\t\t\r\n\t\t<div>\r\n\t\t\t<div class=\"cz_title clr cz_title_pos_inline\"><div class=\"cz_title_content\"><div class=\"cz_wpe_content\"><p>Infinite Investment Systems reconna\u00eet les commentaires de la communaut\u00e9 comme un processus essentiel pour identifier, supprimer et pr\u00e9venir les obstacles dans sa strat\u00e9gie d'accessibilit\u00e9. Les commentaires sont un \u00e9l\u00e9ment essentiel du plan de l\u2019organisation visant \u00e0 am\u00e9liorer la fa\u00e7on dont nous fournissons nos services et \u00e0 encourager la participation communautaire inclusive. En plus d'utiliser le formulaire de commentaires sur l'accessibilit\u00e9 ci-dessous, vous pouvez \u00e9galement soumettre vos commentaires sur l'accessibilit\u00e9 en utilisant l'une des m\u00e9thodes suivantes :<\/p>\n<\/p>\n<p><strong>Infinite Investment Systems - Groupe de travail sur l'accessibilit\u00e9 <\/strong><br \/>First Canadian Place<br \/>100 King Street West. Suite 5310<br \/>Toronto, Ontario, Canada, M5X 1E1<br \/>P.O. Box 330<\/p>\n<p>Courriel: info@inf-systems.com<br \/>T\u00e9l\u00e9phone: 416-861-0911<\/p>\n<p>Remarque : Si vous souhaitez \u00eatre contact\u00e9, veuillez inclure votre nom et vos coordonn\u00e9es.<\/p>\n<p>Infinite Investment Systems est soumis \u00e0 la Loi sur l'acc\u00e8s \u00e0 l'information et la protection de la vie priv\u00e9e (LAIPVP). Vos informations personnelles ne seront pas partag\u00e9es ou utilis\u00e9es \u00e0 d'autres fins que pour communiquer avec vous concernant les commentaires ou les pr\u00e9occupations que vous avez soulev\u00e9s.<\/p>\n<\/div><\/div><\/div>\r\n\t\t<\/div>\r\n\t\t\r\n\t\t\t\t\t\t<\/div>\n\t\t\t\t<\/div>\n\t\t\t\t\t<\/div>\n\t\t<\/div>\n\t\t\t\t\t<\/div>\n\t\t<\/section>\n\t\t\t\t<section class=\"elementor-section elementor-top-section elementor-element elementor-element-553589c8 elementor-section-stretched elementor-section-boxed elementor-section-height-default elementor-section-height-default\" data-id=\"553589c8\" data-element_type=\"section\" data-e-type=\"section\" data-settings=\"{&quot;stretch_section&quot;:&quot;section-stretched&quot;,&quot;background_background&quot;:&quot;classic&quot;}\">\n\t\t\t\t\t\t<div class=\"elementor-container elementor-column-gap-default\">\n\t\t\t\t\t<div class=\"elementor-column elementor-col-100 elementor-top-column elementor-element elementor-element-157bb88d\" data-id=\"157bb88d\" data-element_type=\"column\" data-e-type=\"column\">\n\t\t\t<div class=\"elementor-widget-wrap elementor-element-populated\">\n\t\t\t\t\t\t<div class=\"elementor-element elementor-element-992a244 elementor-widget elementor-widget-cz_title\" data-id=\"992a244\" data-element_type=\"widget\" data-e-type=\"widget\" data-widget_type=\"cz_title.default\">\n\t\t\t\t<div class=\"elementor-widget-container\">\n\t\t\t\t\t\t\r\n\t\t<div>\r\n\t\t\t<div class=\"cz_title clr cz_title_pos_inline\"><div class=\"cz_title_content\"><div class=\"cz_wpe_content\"><h3>VOS COORDONN\u00c9ES<\/h3>\n<\/div><\/div><\/div>\r\n\t\t<\/div>\r\n\t\t\r\n\t\t\t\t\t\t<\/div>\n\t\t\t\t<\/div>\n\t\t\t\t<div class=\"elementor-element elementor-element-6b49492 elementor-widget elementor-widget-cz_contact_form_7\" data-id=\"6b49492\" data-element_type=\"widget\" data-e-type=\"widget\" data-widget_type=\"cz_contact_form_7.default\">\n\t\t\t\t<div class=\"elementor-widget-container\">\n\t\t\t\t\t\t\t<div class=\"cz_cf7 clr\">\r\n\t\t\t<div>\n<div class=\"wpcf7 no-js\" id=\"wpcf7-f7722-o1\" lang=\"fr-FR\" dir=\"ltr\" data-wpcf7-id=\"7722\">\n<div class=\"screen-reader-response\"><p role=\"status\" aria-live=\"polite\" aria-atomic=\"true\"><\/p> <ul><\/ul><\/div>\n<form action=\"\/fr\/wp-json\/wp\/v2\/pages\/7720#wpcf7-f7722-o1\" method=\"post\" class=\"wpcf7-form init\" aria-label=\"Formulaire de contact\" novalidate=\"novalidate\" data-status=\"init\">\n<fieldset class=\"hidden-fields-container\"><input type=\"hidden\" name=\"_wpcf7\" value=\"7722\" \/><input type=\"hidden\" name=\"_wpcf7_version\" value=\"6.1.5\" \/><input type=\"hidden\" name=\"_wpcf7_locale\" value=\"fr_FR\" \/><input type=\"hidden\" name=\"_wpcf7_unit_tag\" value=\"wpcf7-f7722-o1\" \/><input type=\"hidden\" name=\"_wpcf7_container_post\" value=\"0\" \/><input type=\"hidden\" name=\"_wpcf7_posted_data_hash\" value=\"\" \/>\n<\/fieldset>\n<p>Pr\u00e9nom*<span class=\"wpcf7-form-control-wrap\" data-name=\"firstname\"><input size=\"40\" maxlength=\"400\" class=\"wpcf7-form-control wpcf7-text wpcf7-validates-as-required\" aria-required=\"true\" aria-invalid=\"false\" value=\"\" type=\"text\" name=\"firstname\" \/><\/span> Nom de famille*<span class=\"wpcf7-form-control-wrap\" data-name=\"lastname\"><input size=\"40\" maxlength=\"400\" class=\"wpcf7-form-control wpcf7-text wpcf7-validates-as-required\" aria-required=\"true\" aria-invalid=\"false\" value=\"\" type=\"text\" name=\"lastname\" \/><\/span> Courriel*<span class=\"wpcf7-form-control-wrap\" data-name=\"email\"><input size=\"40\" maxlength=\"400\" class=\"wpcf7-form-control wpcf7-email wpcf7-validates-as-required wpcf7-text wpcf7-validates-as-email\" aria-required=\"true\" aria-invalid=\"false\" value=\"\" type=\"email\" name=\"email\" \/><\/span> T\u00e9l\u00e9phone<span class=\"wpcf7-form-control-wrap\" data-name=\"tel\"><input size=\"40\" maxlength=\"400\" class=\"wpcf7-form-control wpcf7-tel wpcf7-text wpcf7-validates-as-tel\" aria-invalid=\"false\" value=\"\" type=\"tel\" name=\"tel\" \/><\/span> Comment \u00eates-vous affili\u00e9 \u00e0 Infinite Investment Systems Ltd.* <span class=\"wpcf7-form-control-wrap\" data-name=\"checkbox-aff\"><span class=\"wpcf7-form-control wpcf7-checkbox\"><span class=\"wpcf7-list-item first\"><label><input type=\"checkbox\" name=\"checkbox-aff[]\" value=\"Gestionnaire\" \/><span class=\"wpcf7-list-item-label\">Gestionnaire<\/span><\/label><\/span><span class=\"wpcf7-list-item\"><label><input type=\"checkbox\" name=\"checkbox-aff[]\" value=\"Membre du personnel\" \/><span class=\"wpcf7-list-item-label\">Membre du personnel<\/span><\/label><\/span><span class=\"wpcf7-list-item\"><label><input type=\"checkbox\" name=\"checkbox-aff[]\" value=\"Client\" \/><span class=\"wpcf7-list-item-label\">Client<\/span><\/label><\/span><span class=\"wpcf7-list-item\"><label><input type=\"checkbox\" name=\"checkbox-aff[]\" value=\"Visiteur\" \/><span class=\"wpcf7-list-item-label\">Visiteur<\/span><\/label><\/span><span class=\"wpcf7-list-item last\"><label><input type=\"checkbox\" name=\"checkbox-aff[]\" value=\"Autre\" \/><span class=\"wpcf7-list-item-label\">Autre<\/span><\/label><\/span><\/span><\/span>\n<\/p>\n<p><strong>COMMENTAIRE<\/strong><br \/>\nVeuillez fournir vos commentaires, y compris tous les d\u00e9tails pertinents <span class=\"wpcf7-form-control-wrap\" data-name=\"textarea-691\"><textarea cols=\"40\" rows=\"10\" maxlength=\"2000\" class=\"wpcf7-form-control wpcf7-textarea\" aria-invalid=\"false\" name=\"textarea-691\"><\/textarea><\/span>\n<\/p>\n<p><strong>RESSOURCES<\/strong><br \/>\nVeuillez s\u00e9lectionner ceux qui s'appliquent \u00e0 votre demande (cochez tous ceux qui s'appliquent) <span class=\"wpcf7-form-control-wrap\" data-name=\"checkbox-res\"><span class=\"wpcf7-form-control wpcf7-checkbox\"><span class=\"wpcf7-list-item first\"><label><input type=\"checkbox\" name=\"checkbox-res[]\" value=\"Rechercher des informations sur les exigences de conformit\u00e9 ou la formation de la LAPHO\" \/><span class=\"wpcf7-list-item-label\">Rechercher des informations sur les exigences de conformit\u00e9 ou la formation de la LAPHO<\/span><\/label><\/span><span class=\"wpcf7-list-item\"><label><input type=\"checkbox\" name=\"checkbox-res[]\" value=\"Rechercher des informations g\u00e9n\u00e9rales ou des ressources sur l\u2019accessibilit\u00e9 des bureaux\" \/><span class=\"wpcf7-list-item-label\">Rechercher des informations g\u00e9n\u00e9rales ou des ressources sur l\u2019accessibilit\u00e9 des bureaux<\/span><\/label><\/span><span class=\"wpcf7-list-item last\"><label><input type=\"checkbox\" name=\"checkbox-res[]\" value=\"Rechercher des informations ou des ressources sur la fa\u00e7on de rendre le contenu plus accessible\" \/><span class=\"wpcf7-list-item-label\">Rechercher des informations ou des ressources sur la fa\u00e7on de rendre le contenu plus accessible<\/span><\/label><\/span><\/span><\/span>\n<\/p>\n<p><strong>OBSTACLES<\/strong><br \/>\nVeuillez s\u00e9lectionner celles qui s'appliquent \u00e0 votre demande (cochez celles qui s'appliquent) <span class=\"wpcf7-form-control-wrap\" data-name=\"checkbox-bar\"><span class=\"wpcf7-form-control wpcf7-checkbox\"><span class=\"wpcf7-list-item first\"><label><input type=\"checkbox\" name=\"checkbox-bar[]\" value=\"Obstacle physique (entr\u00e9es, ascenseurs, stationnement, etc.)\" \/><span class=\"wpcf7-list-item-label\">Obstacle physique (entr\u00e9es, ascenseurs, stationnement, etc.)<\/span><\/label><\/span><span class=\"wpcf7-list-item\"><label><input type=\"checkbox\" name=\"checkbox-bar[]\" value=\"Obstacle technologique (site internet inaccessible, pas de sous-titrage vid\u00e9o, etc.)\" \/><span class=\"wpcf7-list-item-label\">Obstacle technologique (site internet inaccessible, pas de sous-titrage vid\u00e9o, etc.)<\/span><\/label><\/span><span class=\"wpcf7-list-item\"><label><input type=\"checkbox\" name=\"checkbox-bar[]\" value=\"Soutiens et services d&#039;accessibilit\u00e9 des b\u00e2timents\/communautaires\" \/><span class=\"wpcf7-list-item-label\">Soutiens et services d&#039;accessibilit\u00e9 des b\u00e2timents\/communautaires<\/span><\/label><\/span><span class=\"wpcf7-list-item\"><label><input type=\"checkbox\" name=\"checkbox-bar[]\" value=\"Droits des personnes handicap\u00e9es (accessibilit\u00e9\/h\u00e9bergement\/droits de la personne)\" \/><span class=\"wpcf7-list-item-label\">Droits des personnes handicap\u00e9es (accessibilit\u00e9\/h\u00e9bergement\/droits de la personne)<\/span><\/label><\/span><span class=\"wpcf7-list-item\"><label><input type=\"checkbox\" name=\"checkbox-bar[]\" value=\"Je ne suis pas certain\" \/><span class=\"wpcf7-list-item-label\">Je ne suis pas certain<\/span><\/label><\/span><span class=\"wpcf7-list-item last\"><label><input type=\"checkbox\" name=\"checkbox-bar[]\" value=\"Autre\" \/><span class=\"wpcf7-list-item-label\">Autre<\/span><\/label><\/span><\/span><\/span>\n<\/p>\n<p><strong>D\u00c9TAILS DE LA DEMANDE DE R\u00c9UNION<\/strong><br \/>\nSi vous souhaitez demander un rendez-vous, veuillez nous indiquer comment vous souhaitez rencontrer un conseiller (Choisissez-en un) <span class=\"wpcf7-form-control-wrap\" data-name=\"radio-meet\"><span class=\"wpcf7-form-control wpcf7-radio\"><span class=\"wpcf7-list-item first\"><label><input type=\"radio\" name=\"radio-meet\" value=\"Rendez-vous en personne\" \/><span class=\"wpcf7-list-item-label\">Rendez-vous en personne<\/span><\/label><\/span><span class=\"wpcf7-list-item\"><label><input type=\"radio\" name=\"radio-meet\" value=\"T\u00e9l\u00e9phone\" \/><span class=\"wpcf7-list-item-label\">T\u00e9l\u00e9phone<\/span><\/label><\/span><span class=\"wpcf7-list-item\"><label><input type=\"radio\" name=\"radio-meet\" value=\"Vid\u00e9oconf\u00e9rence\" \/><span class=\"wpcf7-list-item-label\">Vid\u00e9oconf\u00e9rence<\/span><\/label><\/span><span class=\"wpcf7-list-item\"><label><input type=\"radio\" name=\"radio-meet\" value=\"Aucune r\u00e9union requise\" \/><span class=\"wpcf7-list-item-label\">Aucune r\u00e9union requise<\/span><\/label><\/span><span class=\"wpcf7-list-item last\"><label><input type=\"radio\" name=\"radio-meet\" value=\"Autre\" \/><span class=\"wpcf7-list-item-label\">Autre<\/span><\/label><\/span><\/span><\/span>\n<\/p>\n<p><strong>URGENCE DE LA R\u00c9PONSE<\/strong><br \/>\nVeuillez indiquer l'urgence de votre demande ci-dessous <span class=\"wpcf7-form-control-wrap\" data-name=\"radio-urg\"><span class=\"wpcf7-form-control wpcf7-radio\"><span class=\"wpcf7-list-item first\"><label><input type=\"radio\" name=\"radio-urg\" value=\"R\u00e9ponse urgente requise (R\u00e9ponse &lt;2 business days) Request is not urgent (Response&gt; 2 jours ouvrables)\" \/><span class=\"wpcf7-list-item-label\">R\u00e9ponse urgente requise (R\u00e9ponse &lt;2 business days) Request is not urgent (Response&gt; 2 jours ouvrables)<\/span><\/label><\/span><span class=\"wpcf7-list-item last\"><label><input type=\"radio\" name=\"radio-urg\" value=\"La demande n&#039;est pas urgente (R\u00e9ponse &gt; 2 jours ouvrables)\" \/><span class=\"wpcf7-list-item-label\">La demande n&#039;est pas urgente (R\u00e9ponse &gt; 2 jours ouvrables)<\/span><\/label><\/span><\/span><\/span>\n<\/p>\n<p><span id=\"wpcf7-69fc2f427d4c3-wrapper\" class=\"wpcf7-form-control-wrap message-wrap\" style=\"display:none !important; visibility:hidden !important;\"><input type=\"hidden\" name=\"message-time-start\" value=\"1778134850\"><input type=\"hidden\" name=\"message-time-check\" value=\"10\"><label for=\"wpcf7-69fc2f427d4c3-field\" class=\"hp-message\">Veuillez laisser ce champ vide.<\/label><input id=\"wpcf7-69fc2f427d4c3-field\"  placeholder=\"votre message\"  class=\"wpcf7-form-control wpcf7-text\" type=\"text\" name=\"message\" value=\"\" size=\"40\" tabindex=\"-1\" autocomplete=\"new-password\" \/><\/span>\n<\/p>\n<p><input class=\"wpcf7-form-control wpcf7-submit has-spinner\" type=\"submit\" value=\"Envoyer le formulaire\" \/>\n<\/p><div class=\"wpcf7-response-output\" aria-hidden=\"true\"><\/div>\n<\/form>\n<\/div>\n<\/div>\r\n\t\t<\/div>\r\n\t\t\t\t\t\t<\/div>\n\t\t\t\t<\/div>\n\t\t\t\t\t<\/div>\n\t\t<\/div>\n\t\t\t\t\t<\/div>\n\t\t<\/section>\n\t\t\t\t<\/div>\n\t\t","protected":false},"excerpt":{"rendered":"<p>COMMENTAIRESSUR L\u2019ACCESSIBILIT\u00c9 Vos commentaires nous rendent meilleurs Infinite Investment Systems reconna\u00eet &#8230; <\/p>\n","protected":false},"author":1,"featured_media":0,"parent":0,"menu_order":0,"comment_status":"closed","ping_status":"closed","template":"","meta":{"footnotes":""},"class_list":["post-7720","page","type-page","status-publish","hentry"],"_links":{"self":[{"href":"https:\/\/www.inf-systems.com\/fr\/wp-json\/wp\/v2\/pages\/7720","targetHints":{"allow":["GET"]}}],"collection":[{"href":"https:\/\/www.inf-systems.com\/fr\/wp-json\/wp\/v2\/pages"}],"about":[{"href":"https:\/\/www.inf-systems.com\/fr\/wp-json\/wp\/v2\/types\/page"}],"author":[{"embeddable":true,"href":"https:\/\/www.inf-systems.com\/fr\/wp-json\/wp\/v2\/users\/1"}],"replies":[{"embeddable":true,"href":"https:\/\/www.inf-systems.com\/fr\/wp-json\/wp\/v2\/comments?post=7720"}],"version-history":[{"count":1,"href":"https:\/\/www.inf-systems.com\/fr\/wp-json\/wp\/v2\/pages\/7720\/revisions"}],"predecessor-version":[{"id":7721,"href":"https:\/\/www.inf-systems.com\/fr\/wp-json\/wp\/v2\/pages\/7720\/revisions\/7721"}],"wp:attachment":[{"href":"https:\/\/www.inf-systems.com\/fr\/wp-json\/wp\/v2\/media?parent=7720"}],"curies":[{"name":"wp","href":"https:\/\/api.w.org\/{rel}","templated":true}]}}