{"id":7705,"date":"2024-09-07T10:51:37","date_gmt":"2024-09-07T10:51:37","guid":{"rendered":"https:\/\/www.inf-systems.com\/services-professionnels\/"},"modified":"2025-02-01T14:36:56","modified_gmt":"2025-02-01T14:36:56","slug":"services-professionnels","status":"publish","type":"page","link":"https:\/\/www.inf-systems.com\/fr\/services-professionnels\/","title":{"rendered":"Services professionnels"},"content":{"rendered":"\t\t<div data-elementor-type=\"wp-page\" data-elementor-id=\"7705\" class=\"elementor elementor-7705 elementor-6486\">\n\t\t\t\t\t\t<section class=\"elementor-section elementor-top-section elementor-element elementor-element-8065884 elementor-section-stretched elementor-section-height-min-height elementor-section-boxed elementor-section-height-default elementor-section-items-middle\" data-id=\"8065884\" data-element_type=\"section\" data-e-type=\"section\" data-settings=\"{&quot;stretch_section&quot;:&quot;section-stretched&quot;,&quot;background_background&quot;:&quot;classic&quot;}\">\n\t\t\t\t\t\t\t<div class=\"elementor-background-overlay\"><\/div>\n\t\t\t\t\t\t\t<div class=\"elementor-container elementor-column-gap-default\">\n\t\t\t\t\t<div class=\"elementor-column elementor-col-100 elementor-top-column elementor-element elementor-element-05b59ef\" data-id=\"05b59ef\" data-element_type=\"column\" data-e-type=\"column\">\n\t\t\t<div class=\"elementor-widget-wrap elementor-element-populated\">\n\t\t\t\t\t\t<div class=\"elementor-element elementor-element-dfc2063 elementor-widget elementor-widget-cz_title\" data-id=\"dfc2063\" data-element_type=\"widget\" data-e-type=\"widget\" data-widget_type=\"cz_title.default\">\n\t\t\t\t<div class=\"elementor-widget-container\">\n\t\t\t\t\t\t\r\n\t\t<div>\r\n\t\t\t<div class=\"cz_title clr cz_mobile_text_center cz_title_pos_inline\"><div class=\"cz_title_content\"><div class=\"cz_wpe_content\"><p>SOLUTIONS<\/p>\n<\/div><\/div><\/div>\r\n\t\t<\/div>\r\n\t\t\r\n\t\t\t\t\t\t<\/div>\n\t\t\t\t<\/div>\n\t\t\t\t<div class=\"elementor-element elementor-element-ddf8aca elementor-widget elementor-widget-cz_title\" data-id=\"ddf8aca\" data-element_type=\"widget\" data-e-type=\"widget\" data-widget_type=\"cz_title.default\">\n\t\t\t\t<div class=\"elementor-widget-container\">\n\t\t\t\t\t\t\r\n\t\t<div>\r\n\t\t\t<div class=\"cz_title clr cz_mobile_text_center cz_title_pos_inline\"><div class=\"cz_title_content\"><div class=\"cz_wpe_content\"><h1>SERVICES PROFESSIONNELS<\/h1>\n<\/div><\/div><\/div>\r\n\t\t<\/div>\r\n\t\t\r\n\t\t\t\t\t\t<\/div>\n\t\t\t\t<\/div>\n\t\t\t\t\t<\/div>\n\t\t<\/div>\n\t\t\t\t\t<\/div>\n\t\t<\/section>\n\t\t\t\t<section class=\"elementor-section elementor-top-section elementor-element elementor-element-efaee49 elementor-section-stretched elementor-section-boxed elementor-section-height-default elementor-section-height-default\" data-id=\"efaee49\" data-element_type=\"section\" data-e-type=\"section\" data-settings=\"{&quot;stretch_section&quot;:&quot;section-stretched&quot;}\">\n\t\t\t\t\t\t<div class=\"elementor-container elementor-column-gap-default\">\n\t\t\t\t\t<div class=\"elementor-column elementor-col-100 elementor-top-column elementor-element elementor-element-1555079\" data-id=\"1555079\" data-element_type=\"column\" data-e-type=\"column\">\n\t\t\t<div class=\"elementor-widget-wrap elementor-element-populated\">\n\t\t\t\t\t\t<div class=\"elementor-element elementor-element-f285bd5 elementor-widget elementor-widget-cz_title\" data-id=\"f285bd5\" data-element_type=\"widget\" data-e-type=\"widget\" data-widget_type=\"cz_title.default\">\n\t\t\t\t<div class=\"elementor-widget-container\">\n\t\t\t\t\t\t\r\n\t\t<div>\r\n\t\t\t<div class=\"cz_title clr cz_title_pos_inline\"><div class=\"cz_title_content\"><div class=\"cz_wpe_content\"><h2>Profitez de l\u2019exp\u00e9rience des professionnels du secteur<\/h2>\n<\/div><\/div><\/div>\r\n\t\t<\/div>\r\n\t\t\r\n\t\t\t\t\t\t<\/div>\n\t\t\t\t<\/div>\n\t\t\t\t<div class=\"elementor-element elementor-element-df146a1 elementor-widget elementor-widget-cz_title\" data-id=\"df146a1\" data-element_type=\"widget\" data-e-type=\"widget\" data-widget_type=\"cz_title.default\">\n\t\t\t\t<div class=\"elementor-widget-container\">\n\t\t\t\t\t\t\r\n\t\t<div>\r\n\t\t\t<div class=\"cz_title clr cz_title_pos_inline\"><div class=\"cz_title_content\"><div class=\"cz_wpe_content\"><p>Infinite Investment Systems se consacre \u00e0 aider ses clients avec les outils essentiels n\u00e9cessaires pour g\u00e9rer, d\u00e9velopper et optimiser leurs op\u00e9rations.<\/p>\n<\/p>\n<p>Notre \u00e9quipe de services professionnels va au-del\u00e0 de la mise en \u0153uvre de logiciels et s'appuie sur une vaste exp\u00e9rience dans le secteur de la gestion de patrimoine. Cette expertise couvre la conception d\u2019affaires, les fonctions, la structure, la gestion des donn\u00e9es, le contr\u00f4le qualit\u00e9 et la formation sp\u00e9cialis\u00e9e.  <\/p>\n<\/p>\n<p>Notre \u00e9quipe de professionnels du conseil en gestion collabore avec vous pour relever les d\u00e9fis qui entravent la croissance de votre organisation. Il n\u2019y a pas de projet trop grand ou trop petit. <\/p>\n<\/div><\/div><\/div>\r\n\t\t<\/div>\r\n\t\t\r\n\t\t\t\t\t\t<\/div>\n\t\t\t\t<\/div>\n\t\t\t\t<div class=\"elementor-element elementor-element-9e9b035 elementor-widget elementor-widget-cz_gap\" data-id=\"9e9b035\" data-element_type=\"widget\" data-e-type=\"widget\" data-widget_type=\"cz_gap.default\">\n\t\t\t\t<div class=\"elementor-widget-container\">\n\t\t\t\t\t<div class=\"cz_gap clr\"><\/div>\t\t\t\t<\/div>\n\t\t\t\t<\/div>\n\t\t\t\t<div class=\"elementor-element elementor-element-728176c elementor-widget elementor-widget-cz_button\" data-id=\"728176c\" data-element_type=\"widget\" data-e-type=\"widget\" data-widget_type=\"cz_button.default\">\n\t\t\t\t<div class=\"elementor-widget-container\">\n\t\t\t\t\t\t\t<div class=\"\">\r\n\t\t\t<div>\r\n\t\t\t\t<a href=\"https:\/\/www.inf-systems.com\/fr\/demander-une-consultation\/\" class=\"cz_btn cz_btn_txt_no_fx cz_btn_fill_right cz_mobile_btn_center\">\r\n\r\n\t\t\t\t\t<span>\t\t\t\t\t\t<strong>Demander une consultation\t\t\t\t\t\t\t\t\t\t\t\t\t<\/strong>\r\n\t\t\t\t\t\t\t\t\t\t\t<\/span>\r\n\r\n\t\t\t\t\t<b class=\"cz_btn_onhover\">\r\n\t\t\t\t\t\t\t\t\t\t\t\t<strong>\r\n\t\t\t\t\t\t\tDemander une consultation\t\t\t\t\t\t\t\t\t\t\t\t\t<\/strong>\r\n\t\t\t\t\t\t\t\t\t\t\t<\/b>\r\n\r\n\t\t\t\t<\/a>\r\n\t\t\t<\/div>\r\n\t\t<\/div> \t\t\t\t\t\t<\/div>\n\t\t\t\t<\/div>\n\t\t\t\t\t<\/div>\n\t\t<\/div>\n\t\t\t\t\t<\/div>\n\t\t<\/section>\n\t\t\t\t<section class=\"elementor-section elementor-top-section elementor-element elementor-element-553589c8 elementor-section-full_width elementor-section-stretched elementor-section-height-default elementor-section-height-default\" data-id=\"553589c8\" data-element_type=\"section\" data-e-type=\"section\" data-settings=\"{&quot;stretch_section&quot;:&quot;section-stretched&quot;,&quot;background_background&quot;:&quot;classic&quot;}\">\n\t\t\t\t\t\t<div class=\"elementor-container elementor-column-gap-default\">\n\t\t\t\t\t<div class=\"elementor-column elementor-col-100 elementor-top-column elementor-element elementor-element-157bb88d\" data-id=\"157bb88d\" data-element_type=\"column\" data-e-type=\"column\">\n\t\t\t<div class=\"elementor-widget-wrap elementor-element-populated\">\n\t\t\t\t\t\t<div class=\"elementor-element elementor-element-9430037 elementor-widget elementor-widget-cz_title\" data-id=\"9430037\" data-element_type=\"widget\" data-e-type=\"widget\" data-widget_type=\"cz_title.default\">\n\t\t\t\t<div class=\"elementor-widget-container\">\n\t\t\t\t\t\t\r\n\t\t<div>\r\n\t\t\t<div class=\"cz_title clr cz_title_pos_inline tac\"><div class=\"cz_title_content\"><div class=\"cz_wpe_content\"><h3 style=\"text-align: center;\">Caract\u00e9ristiques<\/h3>\n<\/div><\/div><\/div>\r\n\t\t<\/div>\r\n\t\t\r\n\t\t\t\t\t\t<\/div>\n\t\t\t\t<\/div>\n\t\t\t\t<section class=\"elementor-section elementor-inner-section elementor-element elementor-element-724aac2d elementor-section-boxed elementor-section-height-default elementor-section-height-default\" data-id=\"724aac2d\" data-element_type=\"section\" data-e-type=\"section\">\n\t\t\t\t\t\t<div class=\"elementor-container elementor-column-gap-wider\">\n\t\t\t\t\t<div class=\"elementor-column elementor-col-33 elementor-inner-column elementor-element elementor-element-6a3fc527\" data-id=\"6a3fc527\" data-element_type=\"column\" data-e-type=\"column\" data-settings=\"{&quot;background_background&quot;:&quot;classic&quot;}\">\n\t\t\t<div class=\"elementor-widget-wrap elementor-element-populated\">\n\t\t\t\t\t\t<div class=\"elementor-element elementor-element-07dbdee elementor-position-top elementor-widget elementor-widget-image-box\" data-id=\"07dbdee\" data-element_type=\"widget\" data-e-type=\"widget\" data-widget_type=\"image-box.default\">\n\t\t\t\t<div class=\"elementor-widget-container\">\n\t\t\t\t\t<div class=\"elementor-image-box-wrapper\"><figure class=\"elementor-image-box-img\"><img loading=\"lazy\" decoding=\"async\" width=\"500\" height=\"500\" src=\"https:\/\/www.inf-systems.com\/wp-content\/uploads\/2024\/09\/icon-business-strategy.png\" class=\"attachment-full size-full wp-image-6488\" alt=\"Rocket icon\" loading=\"lazy\" srcset=\"https:\/\/www.inf-systems.com\/wp-content\/uploads\/2024\/09\/icon-business-strategy.png 500w, https:\/\/www.inf-systems.com\/wp-content\/uploads\/2024\/09\/icon-business-strategy-300x300.png 300w, https:\/\/www.inf-systems.com\/wp-content\/uploads\/2024\/09\/icon-business-strategy-150x150.png 150w\" sizes=\"auto, (max-width: 500px) 100vw, 500px\" \/><\/figure><div class=\"elementor-image-box-content\"><h3 class=\"elementor-image-box-title\">Strat\u00e9gie d\u2019affaires<\/h3><\/div><\/div>\t\t\t\t<\/div>\n\t\t\t\t<\/div>\n\t\t\t\t\t<\/div>\n\t\t<\/div>\n\t\t\t\t<div class=\"elementor-column elementor-col-33 elementor-inner-column elementor-element elementor-element-453fe37b\" data-id=\"453fe37b\" data-element_type=\"column\" data-e-type=\"column\" data-settings=\"{&quot;background_background&quot;:&quot;classic&quot;}\">\n\t\t\t<div class=\"elementor-widget-wrap elementor-element-populated\">\n\t\t\t\t\t\t<div class=\"elementor-element elementor-element-86e1d2d elementor-position-top elementor-widget elementor-widget-image-box\" data-id=\"86e1d2d\" data-element_type=\"widget\" data-e-type=\"widget\" data-widget_type=\"image-box.default\">\n\t\t\t\t<div class=\"elementor-widget-container\">\n\t\t\t\t\t<div class=\"elementor-image-box-wrapper\"><figure class=\"elementor-image-box-img\"><img loading=\"lazy\" decoding=\"async\" width=\"500\" height=\"500\" src=\"https:\/\/www.inf-systems.com\/wp-content\/uploads\/2024\/09\/icon-process-review.png\" class=\"attachment-full size-full wp-image-6492\" alt=\"Process review icon\" loading=\"lazy\" srcset=\"https:\/\/www.inf-systems.com\/wp-content\/uploads\/2024\/09\/icon-process-review.png 500w, https:\/\/www.inf-systems.com\/wp-content\/uploads\/2024\/09\/icon-process-review-300x300.png 300w, https:\/\/www.inf-systems.com\/wp-content\/uploads\/2024\/09\/icon-process-review-150x150.png 150w\" sizes=\"auto, (max-width: 500px) 100vw, 500px\" \/><\/figure><div class=\"elementor-image-box-content\"><h3 class=\"elementor-image-box-title\">Examen et analyse des processus<\/h3><\/div><\/div>\t\t\t\t<\/div>\n\t\t\t\t<\/div>\n\t\t\t\t\t<\/div>\n\t\t<\/div>\n\t\t\t\t<div class=\"elementor-column elementor-col-33 elementor-inner-column elementor-element elementor-element-3c3541d1\" data-id=\"3c3541d1\" data-element_type=\"column\" data-e-type=\"column\" data-settings=\"{&quot;background_background&quot;:&quot;classic&quot;}\">\n\t\t\t<div class=\"elementor-widget-wrap elementor-element-populated\">\n\t\t\t\t\t\t<div class=\"elementor-element elementor-element-5921c4f elementor-position-top elementor-widget elementor-widget-image-box\" data-id=\"5921c4f\" data-element_type=\"widget\" data-e-type=\"widget\" data-widget_type=\"image-box.default\">\n\t\t\t\t<div class=\"elementor-widget-container\">\n\t\t\t\t\t<div class=\"elementor-image-box-wrapper\"><figure class=\"elementor-image-box-img\"><img loading=\"lazy\" decoding=\"async\" width=\"500\" height=\"500\" src=\"https:\/\/www.inf-systems.com\/wp-content\/uploads\/2024\/09\/icon-data-management.png\" class=\"attachment-full size-full wp-image-6490\" alt=\"Data management icon\" loading=\"lazy\" srcset=\"https:\/\/www.inf-systems.com\/wp-content\/uploads\/2024\/09\/icon-data-management.png 500w, https:\/\/www.inf-systems.com\/wp-content\/uploads\/2024\/09\/icon-data-management-300x300.png 300w, https:\/\/www.inf-systems.com\/wp-content\/uploads\/2024\/09\/icon-data-management-150x150.png 150w\" sizes=\"auto, (max-width: 500px) 100vw, 500px\" \/><\/figure><div class=\"elementor-image-box-content\"><h3 class=\"elementor-image-box-title\">Gestion et contr\u00f4le des donn\u00e9es<\/h3><\/div><\/div>\t\t\t\t<\/div>\n\t\t\t\t<\/div>\n\t\t\t\t\t<\/div>\n\t\t<\/div>\n\t\t\t\t\t<\/div>\n\t\t<\/section>\n\t\t\t\t<section class=\"elementor-section elementor-inner-section elementor-element elementor-element-490e909 elementor-section-boxed elementor-section-height-default elementor-section-height-default\" data-id=\"490e909\" data-element_type=\"section\" data-e-type=\"section\">\n\t\t\t\t\t\t<div class=\"elementor-container elementor-column-gap-wider\">\n\t\t\t\t\t<div class=\"elementor-column elementor-col-33 elementor-inner-column elementor-element elementor-element-acfbabc\" data-id=\"acfbabc\" data-element_type=\"column\" data-e-type=\"column\" data-settings=\"{&quot;background_background&quot;:&quot;classic&quot;}\">\n\t\t\t<div class=\"elementor-widget-wrap elementor-element-populated\">\n\t\t\t\t\t\t<div class=\"elementor-element elementor-element-b9f9860 elementor-position-top elementor-widget elementor-widget-image-box\" data-id=\"b9f9860\" data-element_type=\"widget\" data-e-type=\"widget\" data-widget_type=\"image-box.default\">\n\t\t\t\t<div class=\"elementor-widget-container\">\n\t\t\t\t\t<div class=\"elementor-image-box-wrapper\"><figure class=\"elementor-image-box-img\"><img loading=\"lazy\" decoding=\"async\" width=\"500\" height=\"500\" src=\"https:\/\/www.inf-systems.com\/wp-content\/uploads\/2024\/09\/icon-qa-planning.png\" class=\"attachment-full size-full wp-image-6493\" alt=\"Planning icon\" loading=\"lazy\" srcset=\"https:\/\/www.inf-systems.com\/wp-content\/uploads\/2024\/09\/icon-qa-planning.png 500w, https:\/\/www.inf-systems.com\/wp-content\/uploads\/2024\/09\/icon-qa-planning-300x300.png 300w, https:\/\/www.inf-systems.com\/wp-content\/uploads\/2024\/09\/icon-qa-planning-150x150.png 150w\" sizes=\"auto, (max-width: 500px) 100vw, 500px\" \/><\/figure><div class=\"elementor-image-box-content\"><h3 class=\"elementor-image-box-title\">Assurance qualit\u00e9, planification et gestion<\/h3><\/div><\/div>\t\t\t\t<\/div>\n\t\t\t\t<\/div>\n\t\t\t\t\t<\/div>\n\t\t<\/div>\n\t\t\t\t<div class=\"elementor-column elementor-col-33 elementor-inner-column elementor-element elementor-element-b0075cb\" data-id=\"b0075cb\" data-element_type=\"column\" data-e-type=\"column\" data-settings=\"{&quot;background_background&quot;:&quot;classic&quot;}\">\n\t\t\t<div class=\"elementor-widget-wrap elementor-element-populated\">\n\t\t\t\t\t\t<div class=\"elementor-element elementor-element-f23f1f0 elementor-position-top elementor-widget elementor-widget-image-box\" data-id=\"f23f1f0\" data-element_type=\"widget\" data-e-type=\"widget\" data-widget_type=\"image-box.default\">\n\t\t\t\t<div class=\"elementor-widget-container\">\n\t\t\t\t\t<div class=\"elementor-image-box-wrapper\"><figure class=\"elementor-image-box-img\"><img loading=\"lazy\" decoding=\"async\" width=\"500\" height=\"500\" src=\"https:\/\/www.inf-systems.com\/wp-content\/uploads\/2024\/09\/icon-training-documentation.png\" class=\"attachment-full size-full wp-image-6494\" alt=\"Book icon\" loading=\"lazy\" srcset=\"https:\/\/www.inf-systems.com\/wp-content\/uploads\/2024\/09\/icon-training-documentation.png 500w, https:\/\/www.inf-systems.com\/wp-content\/uploads\/2024\/09\/icon-training-documentation-300x300.png 300w, https:\/\/www.inf-systems.com\/wp-content\/uploads\/2024\/09\/icon-training-documentation-150x150.png 150w\" sizes=\"auto, (max-width: 500px) 100vw, 500px\" \/><\/figure><div class=\"elementor-image-box-content\"><h3 class=\"elementor-image-box-title\">Formation et documentation<\/h3><\/div><\/div>\t\t\t\t<\/div>\n\t\t\t\t<\/div>\n\t\t\t\t\t<\/div>\n\t\t<\/div>\n\t\t\t\t<div class=\"elementor-column elementor-col-33 elementor-inner-column elementor-element elementor-element-a26eea6\" data-id=\"a26eea6\" data-element_type=\"column\" data-e-type=\"column\" data-settings=\"{&quot;background_background&quot;:&quot;classic&quot;}\">\n\t\t\t<div class=\"elementor-widget-wrap elementor-element-populated\">\n\t\t\t\t\t\t<div class=\"elementor-element elementor-element-30e4ee7 elementor-position-top elementor-widget elementor-widget-image-box\" data-id=\"30e4ee7\" data-element_type=\"widget\" data-e-type=\"widget\" data-widget_type=\"image-box.default\">\n\t\t\t\t<div class=\"elementor-widget-container\">\n\t\t\t\t\t<div class=\"elementor-image-box-wrapper\"><figure class=\"elementor-image-box-img\"><img loading=\"lazy\" decoding=\"async\" width=\"500\" height=\"500\" src=\"https:\/\/www.inf-systems.com\/wp-content\/uploads\/2024\/09\/icon-outsourcing.png\" class=\"attachment-full size-full wp-image-6491\" alt=\"Outsourcing icon\" loading=\"lazy\" srcset=\"https:\/\/www.inf-systems.com\/wp-content\/uploads\/2024\/09\/icon-outsourcing.png 500w, https:\/\/www.inf-systems.com\/wp-content\/uploads\/2024\/09\/icon-outsourcing-300x300.png 300w, https:\/\/www.inf-systems.com\/wp-content\/uploads\/2024\/09\/icon-outsourcing-150x150.png 150w\" sizes=\"auto, (max-width: 500px) 100vw, 500px\" \/><\/figure><div class=\"elementor-image-box-content\"><h3 class=\"elementor-image-box-title\">Externalisation<\/h3><\/div><\/div>\t\t\t\t<\/div>\n\t\t\t\t<\/div>\n\t\t\t\t\t<\/div>\n\t\t<\/div>\n\t\t\t\t\t<\/div>\n\t\t<\/section>\n\t\t\t\t\t<\/div>\n\t\t<\/div>\n\t\t\t\t\t<\/div>\n\t\t<\/section>\n\t\t\t\t<section class=\"elementor-section elementor-top-section elementor-element elementor-element-3b77d50 elementor-section-content-middle elementor-section-stretched elementor-section-boxed elementor-section-height-default elementor-section-height-default\" data-id=\"3b77d50\" data-element_type=\"section\" data-e-type=\"section\" data-settings=\"{&quot;stretch_section&quot;:&quot;section-stretched&quot;,&quot;background_background&quot;:&quot;gradient&quot;}\">\n\t\t\t\t\t\t<div class=\"elementor-container elementor-column-gap-default\">\n\t\t\t\t\t<div class=\"elementor-column elementor-col-50 elementor-top-column elementor-element elementor-element-6124747\" data-id=\"6124747\" data-element_type=\"column\" data-e-type=\"column\">\n\t\t\t<div class=\"elementor-widget-wrap elementor-element-populated\">\n\t\t\t\t\t\t<div class=\"elementor-element elementor-element-9bde729 elementor-widget elementor-widget-cz_title\" data-id=\"9bde729\" data-element_type=\"widget\" data-e-type=\"widget\" data-widget_type=\"cz_title.default\">\n\t\t\t\t<div class=\"elementor-widget-container\">\n\t\t\t\t\t\t\r\n\t\t<div>\r\n\t\t\t<div class=\"cz_title clr cz_mobile_text_center cz_title_has_icon cz_title_pos_inline\"><div class=\"cz_title_content\"><span class=\"cz_title_icon_before cz_title_image\"><img loading=\"lazy\" decoding=\"async\" width=\"500\" height=\"500\" src=\"https:\/\/www.inf-systems.com\/wp-content\/uploads\/2024\/09\/icon-coffee.png\" class=\"attachment-full size-full wp-image-6489\" alt=\"Coffee cup icon\" srcset=\"https:\/\/www.inf-systems.com\/wp-content\/uploads\/2024\/09\/icon-coffee.png 500w, https:\/\/www.inf-systems.com\/wp-content\/uploads\/2024\/09\/icon-coffee-300x300.png 300w, https:\/\/www.inf-systems.com\/wp-content\/uploads\/2024\/09\/icon-coffee-150x150.png 150w\" sizes=\"auto, (max-width: 500px) 100vw, 500px\" loading=\"lazy\" \/><\/span><div class=\"cz_wpe_content\"><h3>Nous serions ravis de conna\u00eetre votre prochain projet.<br \/>Nous vous offrons le caf\u00e9.<\/h3>\n<\/div><\/div><\/div>\r\n\t\t<\/div>\r\n\t\t\r\n\t\t\t\t\t\t<\/div>\n\t\t\t\t<\/div>\n\t\t\t\t\t<\/div>\n\t\t<\/div>\n\t\t\t\t<div class=\"elementor-column elementor-col-50 elementor-top-column elementor-element elementor-element-f91e456\" data-id=\"f91e456\" data-element_type=\"column\" data-e-type=\"column\">\n\t\t\t<div class=\"elementor-widget-wrap elementor-element-populated\">\n\t\t\t\t\t\t<div class=\"elementor-element elementor-element-05a9e84 elementor-widget elementor-widget-cz_button\" data-id=\"05a9e84\" data-element_type=\"widget\" data-e-type=\"widget\" data-widget_type=\"cz_button.default\">\n\t\t\t\t<div class=\"elementor-widget-container\">\n\t\t\t\t\t\t\t<div class=\"cz_btn_right cz_mobile_btn_center\">\r\n\t\t\t<div>\r\n\t\t\t\t<a href=\"https:\/\/www.inf-systems.com\/fr\/demander-une-consultation\/\" class=\"cz_btn cz_btn_txt_no_fx cz_btn_fill_right\">\r\n\r\n\t\t\t\t\t<span>\t\t\t\t\t\t<strong>Demander une consultation\t\t\t\t\t\t\t\t\t\t\t\t\t<\/strong>\r\n\t\t\t\t\t\t\t\t\t\t\t<\/span>\r\n\r\n\t\t\t\t\t<b class=\"cz_btn_onhover\">\r\n\t\t\t\t\t\t\t\t\t\t\t\t<strong>\r\n\t\t\t\t\t\t\tDemander une consultation\t\t\t\t\t\t\t\t\t\t\t\t\t<\/strong>\r\n\t\t\t\t\t\t\t\t\t\t\t<\/b>\r\n\r\n\t\t\t\t<\/a>\r\n\t\t\t<\/div>\r\n\t\t<\/div> <div class=\"clr\"><\/div>\t\t\t\t\t\t<\/div>\n\t\t\t\t<\/div>\n\t\t\t\t\t<\/div>\n\t\t<\/div>\n\t\t\t\t\t<\/div>\n\t\t<\/section>\n\t\t\t\t<\/div>\n\t\t","protected":false},"excerpt":{"rendered":"<p>SOLUTIONS SERVICES PROFESSIONNELS Profitez de l\u2019exp\u00e9rience des professionnels du secteur Infinite &#8230; <\/p>\n","protected":false},"author":1,"featured_media":0,"parent":0,"menu_order":0,"comment_status":"closed","ping_status":"closed","template":"","meta":{"footnotes":""},"class_list":["post-7705","page","type-page","status-publish","hentry"],"_links":{"self":[{"href":"https:\/\/www.inf-systems.com\/fr\/wp-json\/wp\/v2\/pages\/7705","targetHints":{"allow":["GET"]}}],"collection":[{"href":"https:\/\/www.inf-systems.com\/fr\/wp-json\/wp\/v2\/pages"}],"about":[{"href":"https:\/\/www.inf-systems.com\/fr\/wp-json\/wp\/v2\/types\/page"}],"author":[{"embeddable":true,"href":"https:\/\/www.inf-systems.com\/fr\/wp-json\/wp\/v2\/users\/1"}],"replies":[{"embeddable":true,"href":"https:\/\/www.inf-systems.com\/fr\/wp-json\/wp\/v2\/comments?post=7705"}],"version-history":[{"count":4,"href":"https:\/\/www.inf-systems.com\/fr\/wp-json\/wp\/v2\/pages\/7705\/revisions"}],"predecessor-version":[{"id":7841,"href":"https:\/\/www.inf-systems.com\/fr\/wp-json\/wp\/v2\/pages\/7705\/revisions\/7841"}],"wp:attachment":[{"href":"https:\/\/www.inf-systems.com\/fr\/wp-json\/wp\/v2\/media?parent=7705"}],"curies":[{"name":"wp","href":"https:\/\/api.w.org\/{rel}","templated":true}]}}