{"id":7703,"date":"2023-01-30T19:20:57","date_gmt":"2023-01-30T19:20:57","guid":{"rendered":"https:\/\/www.inf-systems.com\/data-iq\/"},"modified":"2025-02-25T10:43:50","modified_gmt":"2025-02-25T10:43:50","slug":"data-iq","status":"publish","type":"page","link":"https:\/\/www.inf-systems.com\/fr\/data-iq\/","title":{"rendered":"Data.iQ"},"content":{"rendered":"\t\t<div data-elementor-type=\"wp-page\" data-elementor-id=\"7703\" class=\"elementor elementor-7703 elementor-4130\">\n\t\t\t\t\t\t<section class=\"elementor-section elementor-top-section elementor-element elementor-element-8065884 elementor-section-stretched elementor-section-height-min-height elementor-section-boxed elementor-section-height-default elementor-section-items-middle\" data-id=\"8065884\" data-element_type=\"section\" data-e-type=\"section\" data-settings=\"{&quot;stretch_section&quot;:&quot;section-stretched&quot;,&quot;background_background&quot;:&quot;classic&quot;}\">\n\t\t\t\t\t\t\t<div class=\"elementor-background-overlay\"><\/div>\n\t\t\t\t\t\t\t<div class=\"elementor-container elementor-column-gap-default\">\n\t\t\t\t\t<div class=\"elementor-column elementor-col-100 elementor-top-column elementor-element elementor-element-05b59ef\" data-id=\"05b59ef\" data-element_type=\"column\" data-e-type=\"column\">\n\t\t\t<div class=\"elementor-widget-wrap elementor-element-populated\">\n\t\t\t\t\t\t<div class=\"elementor-element elementor-element-af66875 elementor-widget elementor-widget-cz_title\" data-id=\"af66875\" data-element_type=\"widget\" data-e-type=\"widget\" data-widget_type=\"cz_title.default\">\n\t\t\t\t<div class=\"elementor-widget-container\">\n\t\t\t\t\t\t\r\n\t\t<div>\r\n\t\t\t<div class=\"cz_title clr cz_mobile_text_center cz_title_pos_inline\"><div class=\"cz_title_content\"><div class=\"cz_wpe_content\"><h1>DATA.iQ<\/h1>\n<\/div><\/div><\/div>\r\n\t\t<\/div>\r\n\t\t\r\n\t\t\t\t\t\t<\/div>\n\t\t\t\t<\/div>\n\t\t\t\t\t<\/div>\n\t\t<\/div>\n\t\t\t\t\t<\/div>\n\t\t<\/section>\n\t\t\t\t<section class=\"elementor-section elementor-top-section elementor-element elementor-element-efaee49 elementor-section-stretched elementor-section-boxed elementor-section-height-default elementor-section-height-default\" data-id=\"efaee49\" data-element_type=\"section\" data-e-type=\"section\" data-settings=\"{&quot;stretch_section&quot;:&quot;section-stretched&quot;}\">\n\t\t\t\t\t\t<div class=\"elementor-container elementor-column-gap-default\">\n\t\t\t\t\t<div class=\"elementor-column elementor-col-100 elementor-top-column elementor-element elementor-element-1555079\" data-id=\"1555079\" data-element_type=\"column\" data-e-type=\"column\">\n\t\t\t<div class=\"elementor-widget-wrap elementor-element-populated\">\n\t\t\t\t\t\t<div class=\"elementor-element elementor-element-f285bd5 elementor-widget elementor-widget-cz_title\" data-id=\"f285bd5\" data-element_type=\"widget\" data-e-type=\"widget\" data-widget_type=\"cz_title.default\">\n\t\t\t\t<div class=\"elementor-widget-container\">\n\t\t\t\t\t\t\r\n\t\t<div>\r\n\t\t\t<div class=\"cz_title clr cz_title_pos_inline\"><div class=\"cz_title_content\"><div class=\"cz_wpe_content\"><h2>Lib\u00e9rez vos donn\u00e9es et d\u00e9couvrez leur v\u00e9ritable potentiel<\/h2>\n<\/div><\/div><\/div>\r\n\t\t<\/div>\r\n\t\t\r\n\t\t\t\t\t\t<\/div>\n\t\t\t\t<\/div>\n\t\t\t\t<div class=\"elementor-element elementor-element-df146a1 elementor-widget elementor-widget-cz_title\" data-id=\"df146a1\" data-element_type=\"widget\" data-e-type=\"widget\" data-widget_type=\"cz_title.default\">\n\t\t\t\t<div class=\"elementor-widget-container\">\n\t\t\t\t\t\t\r\n\t\t<div>\r\n\t\t\t<div class=\"cz_title clr cz_title_pos_inline\"><div class=\"cz_title_content\"><div class=\"cz_wpe_content\"><p>Infinite Data.iQ est une solution infonuagique con\u00e7ue pour r\u00e9pondre au besoin toujours croissant de g\u00e9rer et de s\u00e9curiser les donn\u00e9es. Data.iQ permet aux grandes institutions de consolider et de normaliser toutes les donn\u00e9es \u00ab sources ma\u00eetres \u00bb sur une seule plateforme qui servira de point de r\u00e9f\u00e9rence unique. Data.iQ peut ensuite \u00eatre utilis\u00e9e pour fournir des rapports analytiques en plus de redistribuer les donn\u00e9es aux applications en aval via des API modernes et s\u00e9curis\u00e9es.<\/p><p>\u00a0<\/p><p>Le probl\u00e8me r\u00e9solu par Data.iQ est que la plupart des organisations ne peuvent pas exploiter efficacement les donn\u00e9es de leurs clients, car les syst\u00e8mes existants sur lesquels elles s'appuient n'ont jamais \u00e9t\u00e9 cr\u00e9\u00e9s pour g\u00e9rer la quantit\u00e9 d'activit\u00e9s et d'int\u00e9grations complexes requises aujourd'hui. S\u2019\u00e9loigner de ces syst\u00e8mes est complexe et souvent trop co\u00fbteux et long \u00e0 entreprendre. Par exemple, l\u2019effort de passer d\u2019un syst\u00e8me de registre \u00e0 un autre est impossible pour la plupart des institutions \u00e9tant donn\u00e9 la complexit\u00e9 et les risques impliqu\u00e9s.<\/p><p>\u00a0<\/p><p>Si vous \u00eates pr\u00eat \u00e0 lib\u00e9rer la puissance de vos donn\u00e9es, nous sommes l\u00e0 pour vous aider. L'\u00e9quipe d'Infinite Investment Systems est sp\u00e9cialis\u00e9e dans le type de donn\u00e9es et d'exigences sur lesquelles s'appuie votre organisation. Cela vaut la peine d'en discuter.<\/p><\/div><\/div><\/div>\r\n\t\t<\/div>\r\n\t\t\r\n\t\t\t\t\t\t<\/div>\n\t\t\t\t<\/div>\n\t\t\t\t<div class=\"elementor-element elementor-element-9e9b035 elementor-widget elementor-widget-cz_gap\" data-id=\"9e9b035\" data-element_type=\"widget\" data-e-type=\"widget\" data-widget_type=\"cz_gap.default\">\n\t\t\t\t<div class=\"elementor-widget-container\">\n\t\t\t\t\t<div class=\"cz_gap clr\"><\/div>\t\t\t\t<\/div>\n\t\t\t\t<\/div>\n\t\t\t\t<div class=\"elementor-element elementor-element-728176c elementor-widget elementor-widget-cz_button\" data-id=\"728176c\" data-element_type=\"widget\" data-e-type=\"widget\" data-widget_type=\"cz_button.default\">\n\t\t\t\t<div class=\"elementor-widget-container\">\n\t\t\t\t\t\t\t<div class=\"\">\r\n\t\t\t<div>\r\n\t\t\t\t<a href=\"https:\/\/www.inf-systems.com\/fr\/demander-une-demo\/\" class=\"cz_btn cz_btn_txt_no_fx cz_btn_fill_right cz_mobile_btn_center\">\r\n\r\n\t\t\t\t\t<span>\t\t\t\t\t\t<strong>Demander une d\u00e9mo\t\t\t\t\t\t\t\t\t\t\t\t\t<\/strong>\r\n\t\t\t\t\t\t\t\t\t\t\t<\/span>\r\n\r\n\t\t\t\t\t<b class=\"cz_btn_onhover\">\r\n\t\t\t\t\t\t\t\t\t\t\t\t<strong>\r\n\t\t\t\t\t\t\tDemander une d\u00e9mo\t\t\t\t\t\t\t\t\t\t\t\t\t<\/strong>\r\n\t\t\t\t\t\t\t\t\t\t\t<\/b>\r\n\r\n\t\t\t\t<\/a>\r\n\t\t\t<\/div>\r\n\t\t<\/div> \t\t\t\t\t\t<\/div>\n\t\t\t\t<\/div>\n\t\t\t\t<div class=\"elementor-element elementor-element-52719cc elementor-widget elementor-widget-cz_gap\" data-id=\"52719cc\" data-element_type=\"widget\" data-e-type=\"widget\" data-widget_type=\"cz_gap.default\">\n\t\t\t\t<div class=\"elementor-widget-container\">\n\t\t\t\t\t<div class=\"cz_gap clr\"><\/div>\t\t\t\t<\/div>\n\t\t\t\t<\/div>\n\t\t\t\t<div class=\"elementor-element elementor-element-a6cb2ca elementor-widget elementor-widget-text-editor\" data-id=\"a6cb2ca\" data-element_type=\"widget\" data-e-type=\"widget\" data-widget_type=\"text-editor.default\">\n\t\t\t\t<div class=\"elementor-widget-container\">\n\t\t\t\t\t\t\t\t\t<h3>PRINCIPAUX AVANTAGES<\/h3>\n\t\t\t\t\t\t\t\t<\/div>\n\t\t\t\t<\/div>\n\t\t\t\t<div class=\"elementor-element elementor-element-123af07 elementor-widget elementor-widget-cz_title\" data-id=\"123af07\" data-element_type=\"widget\" data-e-type=\"widget\" data-widget_type=\"cz_title.default\">\n\t\t\t\t<div class=\"elementor-widget-container\">\n\t\t\t\t\t\t\r\n\t\t<div>\r\n\t\t\t<div class=\"cz_title clr cz_title_pos_inline\"><div class=\"cz_title_content\"><div class=\"cz_wpe_content\"><h4><strong>Ing\u00e9rer des donn\u00e9es provenant de plusieurs sources<\/strong><\/h4><p>Regroupez les donn\u00e9es des flux de tenue de registres, des fournisseurs de donn\u00e9es et des syst\u00e8mes tiers dans une destination unique.<\/p><p>\u00a0<\/p><h4><strong>Donn\u00e9es tri\u00e9es et normalis\u00e9es<\/strong><\/h4><p>En utilisant des calculs et des algorithmes pour nettoyer vos donn\u00e9es, la plateforme de donn\u00e9es devient un point de r\u00e9f\u00e9rence unique et fiable pour toutes les applications de donn\u00e9es en amont et agira comme votre source unique ma\u00eetre.<\/p><p>\u00a0<\/p><h4><strong>Rapports centralis\u00e9s<\/strong><\/h4><p>Emplacement centralis\u00e9 pour les donn\u00e9es qui ne sont plus sous forme brute \u2013 les donn\u00e9es ont \u00e9t\u00e9 normalis\u00e9es et trait\u00e9es pour consommation.<\/p><p>\u00a0<\/p><h4><strong>Fondation pour l\u2019\u00e9volutivit\u00e9<\/strong><\/h4><p>Construire une plateforme solide pour la croissance est d\u00e9sormais un investissement qui continuera \u00e0 rapporter des dividendes.<\/p><\/div><\/div><\/div>\r\n\t\t<\/div>\r\n\t\t\r\n\t\t\t\t\t\t<\/div>\n\t\t\t\t<\/div>\n\t\t\t\t\t<\/div>\n\t\t<\/div>\n\t\t\t\t\t<\/div>\n\t\t<\/section>\n\t\t\t\t<section class=\"elementor-section elementor-top-section elementor-element elementor-element-553589c8 elementor-section-full_width elementor-section-stretched elementor-section-height-default elementor-section-height-default\" data-id=\"553589c8\" data-element_type=\"section\" data-e-type=\"section\" data-settings=\"{&quot;stretch_section&quot;:&quot;section-stretched&quot;,&quot;background_background&quot;:&quot;classic&quot;}\">\n\t\t\t\t\t\t<div class=\"elementor-container elementor-column-gap-default\">\n\t\t\t\t\t<div class=\"elementor-column elementor-col-100 elementor-top-column elementor-element elementor-element-157bb88d\" data-id=\"157bb88d\" data-element_type=\"column\" data-e-type=\"column\">\n\t\t\t<div class=\"elementor-widget-wrap elementor-element-populated\">\n\t\t\t\t\t\t<div class=\"elementor-element elementor-element-992a244 elementor-widget elementor-widget-cz_title\" data-id=\"992a244\" data-element_type=\"widget\" data-e-type=\"widget\" data-widget_type=\"cz_title.default\">\n\t\t\t\t<div class=\"elementor-widget-container\">\n\t\t\t\t\t\t\r\n\t\t<div>\r\n\t\t\t<div class=\"cz_title clr cz_title_pos_inline tac\"><div class=\"cz_title_content\"><div class=\"cz_wpe_content\"><h3 style=\"text-align: center;\">Caract\u00e9ristiques<\/h3>\n<\/div><\/div><\/div>\r\n\t\t<\/div>\r\n\t\t\r\n\t\t\t\t\t\t<\/div>\n\t\t\t\t<\/div>\n\t\t\t\t<section class=\"elementor-section elementor-inner-section elementor-element elementor-element-724aac2d elementor-section-boxed elementor-section-height-default elementor-section-height-default\" data-id=\"724aac2d\" data-element_type=\"section\" data-e-type=\"section\">\n\t\t\t\t\t\t<div class=\"elementor-container elementor-column-gap-wider\">\n\t\t\t\t\t<div class=\"elementor-column elementor-col-33 elementor-inner-column elementor-element elementor-element-6a3fc527\" data-id=\"6a3fc527\" data-element_type=\"column\" data-e-type=\"column\" data-settings=\"{&quot;background_background&quot;:&quot;classic&quot;}\">\n\t\t\t<div class=\"elementor-widget-wrap elementor-element-populated\">\n\t\t\t\t\t\t<div class=\"elementor-element elementor-element-3202a3b4 elementor-position-top elementor-widget elementor-widget-image-box\" data-id=\"3202a3b4\" data-element_type=\"widget\" data-e-type=\"widget\" data-widget_type=\"image-box.default\">\n\t\t\t\t<div class=\"elementor-widget-container\">\n\t\t\t\t\t<div class=\"elementor-image-box-wrapper\"><figure class=\"elementor-image-box-img\"><img decoding=\"async\" src=\"https:\/\/www.inf-systems.com\/wp-content\/uploads\/2023\/01\/single_source_reference.png\" title=\"\" alt=\"\" loading=\"lazy\" \/><\/figure><div class=\"elementor-image-box-content\"><h3 class=\"elementor-image-box-title\">Source unique de r\u00e9f\u00e9rence<\/h3><p class=\"elementor-image-box-description\">Des donn\u00e9es pr\u00eates \u00e0 \u00eatre utilis\u00e9es en un seul endroit<\/p><\/div><\/div>\t\t\t\t<\/div>\n\t\t\t\t<\/div>\n\t\t\t\t\t<\/div>\n\t\t<\/div>\n\t\t\t\t<div class=\"elementor-column elementor-col-33 elementor-inner-column elementor-element elementor-element-453fe37b\" data-id=\"453fe37b\" data-element_type=\"column\" data-e-type=\"column\" data-settings=\"{&quot;background_background&quot;:&quot;classic&quot;}\">\n\t\t\t<div class=\"elementor-widget-wrap elementor-element-populated\">\n\t\t\t\t\t\t<div class=\"elementor-element elementor-element-3dc033b3 elementor-position-top elementor-widget elementor-widget-image-box\" data-id=\"3dc033b3\" data-element_type=\"widget\" data-e-type=\"widget\" data-widget_type=\"image-box.default\">\n\t\t\t\t<div class=\"elementor-widget-container\">\n\t\t\t\t\t<div class=\"elementor-image-box-wrapper\"><figure class=\"elementor-image-box-img\"><img decoding=\"async\" src=\"https:\/\/www.inf-systems.com\/wp-content\/uploads\/2023\/01\/aggregate_data.png\" title=\"\" alt=\"\" loading=\"lazy\" \/><\/figure><div class=\"elementor-image-box-content\"><h3 class=\"elementor-image-box-title\">Donn\u00e9es agr\u00e9g\u00e9es de n\u2019importe quelle source<\/h3><p class=\"elementor-image-box-description\">Donn\u00e9es normalis\u00e9es provenant de diverses sources <\/p><\/div><\/div>\t\t\t\t<\/div>\n\t\t\t\t<\/div>\n\t\t\t\t\t<\/div>\n\t\t<\/div>\n\t\t\t\t<div class=\"elementor-column elementor-col-33 elementor-inner-column elementor-element elementor-element-3c3541d1\" data-id=\"3c3541d1\" data-element_type=\"column\" data-e-type=\"column\" data-settings=\"{&quot;background_background&quot;:&quot;classic&quot;}\">\n\t\t\t<div class=\"elementor-widget-wrap elementor-element-populated\">\n\t\t\t\t\t\t<div class=\"elementor-element elementor-element-574441e3 elementor-position-top elementor-widget elementor-widget-image-box\" data-id=\"574441e3\" data-element_type=\"widget\" data-e-type=\"widget\" data-widget_type=\"image-box.default\">\n\t\t\t\t<div class=\"elementor-widget-container\">\n\t\t\t\t\t<div class=\"elementor-image-box-wrapper\"><figure class=\"elementor-image-box-img\"><img decoding=\"async\" src=\"https:\/\/www.inf-systems.com\/wp-content\/uploads\/2023\/01\/data_subject_matter_experts.png\" title=\"\" alt=\"\" loading=\"lazy\" \/><\/figure><div class=\"elementor-image-box-content\"><h3 class=\"elementor-image-box-title\">Experts du domaine<\/h3><p class=\"elementor-image-box-description\">Les techniciens et ing\u00e9nieurs d'Infinite sont des experts en donn\u00e9es avec 20 ans d'exp\u00e9rience dans le traitement de ces donn\u00e9es<\/p><\/div><\/div>\t\t\t\t<\/div>\n\t\t\t\t<\/div>\n\t\t\t\t\t<\/div>\n\t\t<\/div>\n\t\t\t\t\t<\/div>\n\t\t<\/section>\n\t\t\t\t<section class=\"elementor-section elementor-inner-section elementor-element elementor-element-e0756d7 elementor-section-boxed elementor-section-height-default elementor-section-height-default\" data-id=\"e0756d7\" data-element_type=\"section\" data-e-type=\"section\">\n\t\t\t\t\t\t<div class=\"elementor-container elementor-column-gap-wider\">\n\t\t\t\t\t<div class=\"elementor-column elementor-col-33 elementor-inner-column elementor-element elementor-element-82143cb\" data-id=\"82143cb\" data-element_type=\"column\" data-e-type=\"column\" data-settings=\"{&quot;background_background&quot;:&quot;classic&quot;}\">\n\t\t\t<div class=\"elementor-widget-wrap elementor-element-populated\">\n\t\t\t\t\t\t<div class=\"elementor-element elementor-element-db28d77 elementor-position-top elementor-widget elementor-widget-image-box\" data-id=\"db28d77\" data-element_type=\"widget\" data-e-type=\"widget\" data-widget_type=\"image-box.default\">\n\t\t\t\t<div class=\"elementor-widget-container\">\n\t\t\t\t\t<div class=\"elementor-image-box-wrapper\"><figure class=\"elementor-image-box-img\"><img decoding=\"async\" src=\"https:\/\/www.inf-systems.com\/wp-content\/uploads\/2023\/01\/yours_to_use_your_way.png\" title=\"\" alt=\"\" loading=\"lazy\" \/><\/figure><div class=\"elementor-image-box-content\"><h3 class=\"elementor-image-box-title\">\u00c0 vous d'utiliser, \u00e0 votre fa\u00e7on<\/h3><p class=\"elementor-image-box-description\">Exploitez toute la valeur de vos donn\u00e9es comme vous le souhaitez : reporting, analyses, interfaces d'application, etc.<\/p><\/div><\/div>\t\t\t\t<\/div>\n\t\t\t\t<\/div>\n\t\t\t\t\t<\/div>\n\t\t<\/div>\n\t\t\t\t<div class=\"elementor-column elementor-col-33 elementor-inner-column elementor-element elementor-element-ccf9d92\" data-id=\"ccf9d92\" data-element_type=\"column\" data-e-type=\"column\" data-settings=\"{&quot;background_background&quot;:&quot;classic&quot;}\">\n\t\t\t<div class=\"elementor-widget-wrap elementor-element-populated\">\n\t\t\t\t\t\t<div class=\"elementor-element elementor-element-e4f937e elementor-position-top elementor-widget elementor-widget-image-box\" data-id=\"e4f937e\" data-element_type=\"widget\" data-e-type=\"widget\" data-widget_type=\"image-box.default\">\n\t\t\t\t<div class=\"elementor-widget-container\">\n\t\t\t\t\t<div class=\"elementor-image-box-wrapper\"><figure class=\"elementor-image-box-img\"><img decoding=\"async\" src=\"https:\/\/www.inf-systems.com\/wp-content\/uploads\/2023\/01\/cloud_based.png\" title=\"\" alt=\"\" loading=\"lazy\" \/><\/figure><div class=\"elementor-image-box-content\"><h3 class=\"elementor-image-box-title\">Bas\u00e9 sur l\u2019infonuagique<\/h3><p class=\"elementor-image-box-description\">Tirez parti de la puissance et de la s\u00e9curit\u00e9 de l\u2019infonuagique pour traiter, acc\u00e9der et stocker vos donn\u00e9es<\/p><\/div><\/div>\t\t\t\t<\/div>\n\t\t\t\t<\/div>\n\t\t\t\t\t<\/div>\n\t\t<\/div>\n\t\t\t\t<div class=\"elementor-column elementor-col-33 elementor-inner-column elementor-element elementor-element-a92c8d0\" data-id=\"a92c8d0\" data-element_type=\"column\" data-e-type=\"column\" data-settings=\"{&quot;background_background&quot;:&quot;classic&quot;}\">\n\t\t\t<div class=\"elementor-widget-wrap elementor-element-populated\">\n\t\t\t\t\t\t<div class=\"elementor-element elementor-element-d71b813 elementor-position-top elementor-widget elementor-widget-image-box\" data-id=\"d71b813\" data-element_type=\"widget\" data-e-type=\"widget\" data-widget_type=\"image-box.default\">\n\t\t\t\t<div class=\"elementor-widget-container\">\n\t\t\t\t\t<div class=\"elementor-image-box-wrapper\"><figure class=\"elementor-image-box-img\"><img decoding=\"async\" src=\"https:\/\/www.inf-systems.com\/wp-content\/uploads\/2023\/02\/performance_fee_calculation.png\" title=\"\" alt=\"\" loading=\"lazy\" \/><\/figure><div class=\"elementor-image-box-content\"><h3 class=\"elementor-image-box-title\">Performance, TCR, reporting fiscal, calcul des frais<\/h3><p class=\"elementor-image-box-description\">Il existe de nombreux cas d'utilisation o\u00f9 l'int\u00e9grit\u00e9 et l'efficacit\u00e9 peuvent \u00eatre gagn\u00e9es<\/p><\/div><\/div>\t\t\t\t<\/div>\n\t\t\t\t<\/div>\n\t\t\t\t\t<\/div>\n\t\t<\/div>\n\t\t\t\t\t<\/div>\n\t\t<\/section>\n\t\t\t\t\t<\/div>\n\t\t<\/div>\n\t\t\t\t\t<\/div>\n\t\t<\/section>\n\t\t\t\t<section class=\"elementor-section elementor-top-section elementor-element elementor-element-57b16ed elementor-section-height-min-height elementor-section-stretched elementor-section-boxed elementor-section-height-default elementor-section-items-middle\" data-id=\"57b16ed\" data-element_type=\"section\" data-e-type=\"section\" data-settings=\"{&quot;stretch_section&quot;:&quot;section-stretched&quot;,&quot;background_background&quot;:&quot;classic&quot;}\">\n\t\t\t\t\t\t\t<div class=\"elementor-background-overlay\"><\/div>\n\t\t\t\t\t\t\t<div class=\"elementor-container elementor-column-gap-default\">\n\t\t\t\t\t<div class=\"elementor-column elementor-col-100 elementor-top-column elementor-element elementor-element-7722d92\" data-id=\"7722d92\" data-element_type=\"column\" data-e-type=\"column\">\n\t\t\t<div class=\"elementor-widget-wrap elementor-element-populated\">\n\t\t\t\t\t\t<div class=\"elementor-element elementor-element-a49e426 elementor-widget elementor-widget-cz_title\" data-id=\"a49e426\" data-element_type=\"widget\" data-e-type=\"widget\" data-widget_type=\"cz_title.default\">\n\t\t\t\t<div class=\"elementor-widget-container\">\n\t\t\t\t\t\t\r\n\t\t<div>\r\n\t\t\t<div class=\"cz_title clr cz_title_has_bg cz_title_pos_inline tac\"><div class=\"cz_title_content\"><div class=\"cz_wpe_content\"><h3 style=\"text-align: center;\">RECONNAISSANCE DES CLIENTS<\/h3>\n<\/div><\/div><\/div>\r\n\t\t<\/div>\r\n\t\t\r\n\t\t\t\t\t\t<\/div>\n\t\t\t\t<\/div>\n\t\t\t\t<div class=\"elementor-element elementor-element-c1de37a elementor-widget elementor-widget-cz_carousel\" data-id=\"c1de37a\" data-element_type=\"widget\" data-e-type=\"widget\" data-widget_type=\"cz_carousel.default\">\n\t\t\t\t<div class=\"elementor-widget-container\">\n\t\t\t\t\t<div class=\"slick no_arrows dots_bc dots_circle is_center\" data-slick='{\"selector\":\"\",\"slidesToShow\":1,\"slidesToScroll\":1,\"rows\":1,\"fade\":false,\"vertical\":false,\"verticalSwiping\":false,\"infinite\":true,\"speed\":1000,\"swipeToSlide\":true,\"centerMode\":true,\"centerPadding\":{\"unit\":\"px\",\"size\":8,\"sizes\":[]},\"variableWidth\":false,\"autoplay\":true,\"autoplaySpeed\":4000,\"dots\":true,\"counts\":false,\"responsive\":[{\"breakpoint\":769,\"settings\":{\"slidesToShow\":2,\"slidesToScroll\":1,\"infinite\":true,\"touchMove\":true}},{\"breakpoint\":481,\"settings\":{\"slidesToShow\":1,\"slidesToScroll\":1,\"infinite\":true,\"touchMove\":true}}]}' data-slick-prev=\"\" data-slick-next=\"\"><div class=\"elementor-repeater-item-f644316\"><p>\"Syst\u00e8mes d'investissement Infinite est un partenaire de confiance d'EdgePoint depuis notre lancement. En tant que jeune entreprise, il \u00e9tait essentiel que nous choisissions un partenaire capable de nous aider \u00e0 d\u00e9marrer et de nous fournir un soutien continu. L'\u00e9quipe d'Infinite a toujours montr\u00e9 qu'elle appr\u00e9ciait notre activit\u00e9 et que nous avions notre mot \u00e0 dire. Nos suggestions d'am\u00e9lioration sont toujours les bienvenues. Ce qui nous impressionne le plus, c'est la fa\u00e7on dont Harmony a \u00e9volu\u00e9 au fil des ans et est devenu un syst\u00e8me si robuste. Nous avons le sentiment d'en avoir pour notre argent\".<\/p><p><span style=\"font-weight: 500;\">Diane Rossi, Directrice des op\u00e9rations<br \/>EdgePoint Wealth Management<\/span><\/p><p><img decoding=\"async\" class=\"alignnone size-medium wp-image-2891\" src=\"https:\/\/www.inf-systems.com\/wp-content\/uploads\/2021\/12\/edg-logo-300x94.png\" alt=\"\" width=\"300\" height=\"94\" \/><\/p><\/div><div class=\"elementor-repeater-item-99c94e6\"><p>\"Nous voulions une solution qui int\u00e8gre nos op\u00e9rations et notre administration tout en nous laissant la possibilit\u00e9 de la mettre en \u0153uvre et de la personnaliser en fonction de nos besoins sp\u00e9cifiques. En outre, la solution devait \u00eatre intuitive, \u00e9volutive et rentable. Le produit Harmony nous a aid\u00e9s \u00e0 unifier nos op\u00e9rations, \u00e0 r\u00e9aliser des gains d'efficacit\u00e9 et \u00e0 am\u00e9liorer la qualit\u00e9 de nos rapports clients. Lors de la mise en \u0153uvre d'Harmony, nous avons constat\u00e9 que tous les niveaux de l'\u00e9quipe d'IIS \u00e9taient r\u00e9actifs et d\u00e9vou\u00e9s - en particulier pendant les p\u00e9riodes o\u00f9 les d\u00e9lais \u00e9taient critiques. Depuis la mise en \u0153uvre, l'\u00e9quipe d'IIS a d\u00e9montr\u00e9 son engagement continu pour un partenariat productif avec notre entreprise.<\/p><p><span style=\"font-weight: 500;\">Jennifer Wood, Directrice des op\u00e9rations<br \/>Cypress Capital Management<br \/><\/span><\/p><p><img decoding=\"async\" class=\"alignnone wp-image-4899\" src=\"https:\/\/www.inf-systems.com\/wp-content\/uploads\/2023\/02\/Cypress-Logo.png\" alt=\"\" width=\"188\" height=\"53\" \/><\/p><\/div><div class=\"elementor-repeater-item-ab14108\"><p>\"Le syst\u00e8me Harmony nous fournit les outils de gestion de portefeuille n\u00e9cessaires pour atteindre les objectifs de nos clients. Sa fonctionnalit\u00e9, son int\u00e9grit\u00e9 et sa fiabilit\u00e9 sont in\u00e9gal\u00e9es. La formation des utilisateurs est facile gr\u00e2ce aux modules et aux menus d\u00e9roulants int\u00e9gr\u00e9s au syst\u00e8me et la navigation dans le programme est rapide et efficace. Infinite Investment Systems a travaill\u00e9 avec nous pour d\u00e9velopper des rapports personnalis\u00e9s afin de r\u00e9pondre aux besoins de nos clients. Par-dessus tout, le personnel d'Infinite adh\u00e8re aux normes les plus \u00e9lev\u00e9es en mati\u00e8re de service \u00e0 la client\u00e8le et chaque question est trait\u00e9e de mani\u00e8re comp\u00e9tente et professionnelle. Nous pensons qu'Harmony est le meilleur syst\u00e8me de gestion de portefeuille sur le march\u00e9 aujourd'hui.<\/p><p><span style=\"font-weight: 500;\">Bob Sewell, Pr\u00e9sident-directeur g\u00e9n\u00e9ral<br \/>Bellwether Investment Management<\/span><\/p><p><span style=\"font-weight: 500;\"><img decoding=\"async\" class=\"alignnone size-full wp-image-4737\" src=\"https:\/\/www.inf-systems.com\/wp-content\/uploads\/2023\/02\/Bellwether-logo-full-colour.png\" alt=\"\" width=\"214\" height=\"59\" \/> <\/span><\/p><\/div><div class=\"elementor-repeater-item-1324d2a\"><p>\"En tant que premier client d'Infinite Systems, Barrantagh Investment Management Inc. a rapidement reconnu les capacit\u00e9s potentielles du progiciel Harmony. Notre mandat de service offre les normes les plus \u00e9lev\u00e9es en mati\u00e8re de gestion de portefeuille et de personnalisation pour chacun de nos clients et leurs besoins. L'utilisation d'Harmony a am\u00e9lior\u00e9 notre capacit\u00e9 \u00e0 satisfaire et \u00e0 d\u00e9passer les exigences des clients et les protocoles de reporting. Harmony a pu aider Barrantagh \u00e0 apporter pr\u00e9cision, clart\u00e9 et transparence aux nombreux aspects de la gestion globale d'un portefeuille. De plus, la flexibilit\u00e9 d'Harmony et ses mises \u00e0 jour permanentes assurent la continuit\u00e9 de notre croissance\".<\/p><p><span style=\"font-weight: 500;\"><br \/>Wally Kusters, Directeur g\u00e9n\u00e9ral<br \/>Barrantagh Investment Management<\/span><\/p><p><img loading=\"lazy\" decoding=\"async\" class=\"alignnone wp-image-4745\" src=\"https:\/\/www.inf-systems.com\/wp-content\/uploads\/2023\/02\/logo_oc_footer.png\" alt=\"\" width=\"208\" height=\"53\" \/><\/p><\/div><\/div>\t\t\t\t<\/div>\n\t\t\t\t<\/div>\n\t\t\t\t\t<\/div>\n\t\t<\/div>\n\t\t\t\t\t<\/div>\n\t\t<\/section>\n\t\t\t\t<\/div>\n\t\t","protected":false},"excerpt":{"rendered":"<p>DATA.iQ Lib\u00e9rez vos donn\u00e9es et d\u00e9couvrez leur v\u00e9ritable potentiel Infinite Data.iQ &#8230; <\/p>\n","protected":false},"author":1,"featured_media":0,"parent":0,"menu_order":0,"comment_status":"closed","ping_status":"closed","template":"","meta":{"footnotes":""},"class_list":["post-7703","page","type-page","status-publish","hentry"],"_links":{"self":[{"href":"https:\/\/www.inf-systems.com\/fr\/wp-json\/wp\/v2\/pages\/7703","targetHints":{"allow":["GET"]}}],"collection":[{"href":"https:\/\/www.inf-systems.com\/fr\/wp-json\/wp\/v2\/pages"}],"about":[{"href":"https:\/\/www.inf-systems.com\/fr\/wp-json\/wp\/v2\/types\/page"}],"author":[{"embeddable":true,"href":"https:\/\/www.inf-systems.com\/fr\/wp-json\/wp\/v2\/users\/1"}],"replies":[{"embeddable":true,"href":"https:\/\/www.inf-systems.com\/fr\/wp-json\/wp\/v2\/comments?post=7703"}],"version-history":[{"count":13,"href":"https:\/\/www.inf-systems.com\/fr\/wp-json\/wp\/v2\/pages\/7703\/revisions"}],"predecessor-version":[{"id":8069,"href":"https:\/\/www.inf-systems.com\/fr\/wp-json\/wp\/v2\/pages\/7703\/revisions\/8069"}],"wp:attachment":[{"href":"https:\/\/www.inf-systems.com\/fr\/wp-json\/wp\/v2\/media?parent=7703"}],"curies":[{"name":"wp","href":"https:\/\/api.w.org\/{rel}","templated":true}]}}